{"id":1051,"date":"2025-07-06T18:14:31","date_gmt":"2025-07-06T16:14:31","guid":{"rendered":"https:\/\/mariehebbelynck.com\/?page_id=1051"},"modified":"2025-07-10T18:55:29","modified_gmt":"2025-07-10T16:55:29","slug":"atelier-ukulele-pour-les-professionnels-de-lenfance","status":"publish","type":"page","link":"https:\/\/mariehebbelynck.com\/?page_id=1051","title":{"rendered":"Atelier Ukul\u00e9l\u00e9 pour les professionnels de l\u2019enfance"},"content":{"rendered":"\n<p><em><strong>ACTU : Atelier Niveau 1 &#8211; Le mercredi 1er octobre &#8211; Saint Pal de Mons <\/strong><\/em><\/p>\n\n\n\n<div class=\"wp-block-buttons is-layout-flex\">\n<div class=\"wp-block-button\"><a class=\"wp-block-button__link wp-element-button\" href=\"https:\/\/www.billetweb.fr\/atelier-ukul-l1\">Je m\u2019inscris<\/a><\/div>\n<\/div>\n\n\n\n<p><strong>\ud83c\udfb6 Atelier Ukul\u00e9l\u00e9 \u2013 Niveau 1 : \u201cJe d\u00e9couvre\u201d<\/strong><\/p>\n\n\n\n<p>Un atelier de 3 heures accessible et ludique pour apprendre \u00e0 accompagner les comptines au ukul\u00e9l\u00e9, m\u00eame si vous n\u2019avez jamais touch\u00e9 un instrument !<\/p>\n\n\n\n<p>Pens\u00e9 pour les professionnel\u00b7les de la petite enfance, de l\u2019animation, le personnel de m\u00e9diath\u00e8que, de maison de retraite ou toute personne curieuse d\u2019explorer la musique autrement, cet atelier propose une approche simple et progressive.<\/p>\n\n\n\n<p><strong>\u2705 Ce que vous allez apprendre :<\/strong><\/p>\n\n\n\n<ul>\n<li>Comment prendre en main l\u2019instrument (accorder en autonomie, tenir, gratter)<\/li>\n\n\n\n<li>Les accords essentiels pour accompagner facilement des comptines<\/li>\n\n\n\n<li>Une m\u00e9thode rythmique simple pour cr\u00e9er ses propres accompagnements<\/li>\n\n\n\n<li>Et vous repartez avec un livret p\u00e9dagogique (m\u00e9mos + r\u00e9pertoire de chansons)<\/li>\n<\/ul>\n\n\n\n<p>\ud83c\udfb5 Aucun pr\u00e9requis n\u2019est n\u00e9cessaire : juste l\u2019envie de d\u00e9couvrir et d\u2019exp\u00e9rimenter !<\/p>\n\n\n\n<p>\ud83e\udde1 Ambiance d\u00e9tendue, apprentissage par la pratique : tout est pens\u00e9 pour que vous osiez jouer, sans vous juger. On se lance en commen\u00e7ant par du tr\u00e8s facile et qui sonne d\u00e9j\u00e0 !<\/p>\n\n\n\n<p>\ud83d\udccd L\u2019atelier est propos\u00e9 \u00e0 certaines dates dans l\u2019ann\u00e9e <br>Infos et inscriptions sur <a href=\"https:\/\/www.billetweb.fr\/multi_event.php?user=253012\" title=\"\">Billetweb<\/a><\/p>\n\n\n\n<p>\ud83d\udce9 Pour organiser cet atelier dans votre structure (\u00e9quipe de cr\u00e8che, RPE, m\u00e9diath\u00e8que\u2026), contactez-moi \u00e0 : sanzatelier@gmail.com<\/p>\n\n\n\n<p>Prochainement un<strong> Niveau 2 &#8211; \u00ab&nbsp;Je gratouille d\u00e9j\u00e0&nbsp;\u00bb<\/strong><\/p>\n\n\n\n<figure class=\"wp-block-image size-full\"><img decoding=\"async\" loading=\"lazy\" width=\"940\" height=\"788\" src=\"https:\/\/mariehebbelynck.com\/wp-content\/uploads\/2025\/07\/IMG_6400.png\" alt=\"\" class=\"wp-image-1052\" srcset=\"https:\/\/mariehebbelynck.com\/wp-content\/uploads\/2025\/07\/IMG_6400.png 940w, https:\/\/mariehebbelynck.com\/wp-content\/uploads\/2025\/07\/IMG_6400-300x251.png 300w, https:\/\/mariehebbelynck.com\/wp-content\/uploads\/2025\/07\/IMG_6400-768x644.png 768w\" sizes=\"(max-width: 940px) 100vw, 940px\" \/><\/figure>\n","protected":false},"excerpt":{"rendered":"<p>ACTU : Atelier Niveau 1 &#8211; Le mercredi 1er octobre &#8211; Saint Pal de Mons \ud83c\udfb6 Atelier Ukul\u00e9l\u00e9 \u2013 Niveau 1 : \u201cJe d\u00e9couvre\u201d Un [&hellip;]<\/p>\n","protected":false},"author":1,"featured_media":0,"parent":0,"menu_order":0,"comment_status":"closed","ping_status":"closed","template":"","meta":{"_mi_skip_tracking":false,"_monsterinsights_sitenote_active":false,"_monsterinsights_sitenote_note":"","_monsterinsights_sitenote_category":0},"aioseo_notices":[],"_links":{"self":[{"href":"https:\/\/mariehebbelynck.com\/index.php?rest_route=\/wp\/v2\/pages\/1051"}],"collection":[{"href":"https:\/\/mariehebbelynck.com\/index.php?rest_route=\/wp\/v2\/pages"}],"about":[{"href":"https:\/\/mariehebbelynck.com\/index.php?rest_route=\/wp\/v2\/types\/page"}],"author":[{"embeddable":true,"href":"https:\/\/mariehebbelynck.com\/index.php?rest_route=\/wp\/v2\/users\/1"}],"replies":[{"embeddable":true,"href":"https:\/\/mariehebbelynck.com\/index.php?rest_route=%2Fwp%2Fv2%2Fcomments&post=1051"}],"version-history":[{"count":3,"href":"https:\/\/mariehebbelynck.com\/index.php?rest_route=\/wp\/v2\/pages\/1051\/revisions"}],"predecessor-version":[{"id":1059,"href":"https:\/\/mariehebbelynck.com\/index.php?rest_route=\/wp\/v2\/pages\/1051\/revisions\/1059"}],"wp:attachment":[{"href":"https:\/\/mariehebbelynck.com\/index.php?rest_route=%2Fwp%2Fv2%2Fmedia&parent=1051"}],"curies":[{"name":"wp","href":"https:\/\/api.w.org\/{rel}","templated":true}]}}