{"id":1080,"date":"2026-03-03T17:21:43","date_gmt":"2026-03-03T16:21:43","guid":{"rendered":"https:\/\/mariehebbelynck.com\/?page_id=1080"},"modified":"2026-03-03T19:04:58","modified_gmt":"2026-03-03T18:04:58","slug":"eskis-spectacle-danse-musique-et-peinture","status":"publish","type":"page","link":"https:\/\/mariehebbelynck.com\/?page_id=1080","title":{"rendered":"ESKIS &#8211; Spectacle Danse musique et peinture"},"content":{"rendered":"<div class=\"wp-block-image\">\n<figure class=\"aligncenter size-large is-resized\"><img decoding=\"async\" loading=\"lazy\" src=\"https:\/\/mariehebbelynck.com\/wp-content\/uploads\/2026\/03\/IMG_0531-1024x699.png\" alt=\"\" class=\"wp-image-1151\" width=\"512\" height=\"350\" srcset=\"https:\/\/mariehebbelynck.com\/wp-content\/uploads\/2026\/03\/IMG_0531-1024x699.png 1024w, https:\/\/mariehebbelynck.com\/wp-content\/uploads\/2026\/03\/IMG_0531-300x205.png 300w, https:\/\/mariehebbelynck.com\/wp-content\/uploads\/2026\/03\/IMG_0531-768x524.png 768w, https:\/\/mariehebbelynck.com\/wp-content\/uploads\/2026\/03\/IMG_0531.png 1192w\" sizes=\"(max-width: 512px) 100vw, 512px\" \/><\/figure><\/div>\n\n\n<p class=\"has-text-align-center has-luminous-vivid-amber-color has-text-color has-medium-font-size\"><strong><em>Un spectacle sensoriel danse, musique et peinture qui \u00e9veille l\u2018imaginaire<\/em><br><em>Familial d\u00e8s 6 mois<\/em><\/strong><\/p>\n\n\n\n<figure class=\"wp-block-embed is-type-video is-provider-youtube wp-block-embed-youtube wp-embed-aspect-16-9 wp-has-aspect-ratio\"><div class=\"wp-block-embed__wrapper\">\n<iframe loading=\"lazy\" title=\"ESKIS   Cie Po\u00e9   Teaser\" width=\"640\" height=\"360\" src=\"https:\/\/www.youtube.com\/embed\/UlR2zkF9kb0?feature=oembed\" frameborder=\"0\" allow=\"accelerometer; autoplay; clipboard-write; encrypted-media; gyroscope; picture-in-picture; web-share\" referrerpolicy=\"strict-origin-when-cross-origin\" allowfullscreen><\/iframe>\n<\/div><\/figure>\n\n\n\n<div style=\"height:29px\" aria-hidden=\"true\" class=\"wp-block-spacer\"><\/div>\n\n\n\n<hr class=\"wp-block-separator has-alpha-channel-opacity is-style-wide\"\/>\n\n\n\n<p class=\"has-text-align-center has-vivid-cyan-blue-color has-text-color has-medium-font-size\"><strong><em>La danse, la musique et la peinture se r\u00e9pondent et se soutiennent, <\/em><br><em>construisant ensemble un espace et un temps <\/em><br><em>o\u00f9 le plateau devient vivant.<\/em><\/strong><\/p>\n\n\n\n<hr class=\"wp-block-separator has-alpha-channel-opacity is-style-wide\"\/>\n\n\n\n<div style=\"height:48px\" aria-hidden=\"true\" class=\"wp-block-spacer\"><\/div>\n\n\n\n<div class=\"wp-block-columns alignwide is-layout-flex wp-container-4\" style=\"margin-bottom:0\">\n<div class=\"wp-block-column has-white-color has-luminous-vivid-amber-background-color has-text-color has-background has-link-color wp-elements-588cf8f11725e32c470fb2e8dac8a88c is-layout-flow\" style=\"padding-top:2em;padding-right:2em;padding-bottom:2em;padding-left:2em\">\n<h2 class=\"wp-block-heading has-text-align-center\" id=\"single\" style=\"font-size:40px\">Eskis<\/h2>\n\n\n\n<hr class=\"wp-block-separator has-text-color has-css-opacity has-background is-style-wide\" style=\"background-color:#000000;color:#000000\"\/>\n\n\n\n<figure class=\"wp-block-image size-large\"><img decoding=\"async\" loading=\"lazy\" width=\"1024\" height=\"768\" src=\"http:\/\/mariehebbelynck.com\/wp-content\/uploads\/2026\/03\/IMG_9297-1024x768.jpeg\" alt=\"\" class=\"wp-image-1089\" srcset=\"https:\/\/mariehebbelynck.com\/wp-content\/uploads\/2026\/03\/IMG_9297-1024x768.jpeg 1024w, https:\/\/mariehebbelynck.com\/wp-content\/uploads\/2026\/03\/IMG_9297-300x225.jpeg 300w, https:\/\/mariehebbelynck.com\/wp-content\/uploads\/2026\/03\/IMG_9297-768x576.jpeg 768w, https:\/\/mariehebbelynck.com\/wp-content\/uploads\/2026\/03\/IMG_9297-1536x1152.jpeg 1536w, https:\/\/mariehebbelynck.com\/wp-content\/uploads\/2026\/03\/IMG_9297-2048x1535.jpeg 2048w\" sizes=\"(max-width: 1024px) 100vw, 1024px\" \/><\/figure>\n\n\n\n<p class=\"has-text-align-center\">Cr\u00e9ation danse, musique et peinture pour une danseuse et une musicienne<\/p>\n\n\n\n<p class=\"has-text-align-center\">\u2014\u2014\u2014\u2014<\/p>\n\n\n\n<p class=\"has-text-align-center\">Un pot renvers\u00e9 \u2026 Du bleu \u2026 Un autre \u2026 Du jaune \u2026 Des notes de musique. Mon pinceau danse, il entra\u00eene le corps, il entra\u00eene le c\u0153ur. L\u2019espace se transforme en terrain de jeu, il se colore, devient, mouvement, forme, son et volume. Des mains qui jouent, des pieds qui patouillent. \u00ab ESKIS \u00bb, c\u2019est une palette de couleur, de musique, de danse et de po\u00e9sie.&nbsp;<\/p>\n<\/div>\n\n\n\n<div class=\"wp-block-column has-white-color has-vivid-red-background-color has-text-color has-background has-link-color wp-elements-e6714a345fa0bd6547fe1c686b1098c7 is-layout-flow\" style=\"padding-top:2em;padding-right:2em;padding-bottom:2em;padding-left:2em\">\n<h2 class=\"wp-block-heading has-text-align-center\" id=\"family\" style=\"font-size:40px\">Note d\u2019intention<\/h2>\n\n\n\n<hr class=\"wp-block-separator has-css-opacity is-style-wide\"\/>\n\n\n<div class=\"wp-block-image is-style-default\">\n<figure class=\"aligncenter size-large\"><img decoding=\"async\" loading=\"lazy\" width=\"1024\" height=\"683\" src=\"http:\/\/mariehebbelynck.com\/wp-content\/uploads\/2026\/03\/5Q0A8863-1024x683.jpeg\" alt=\"\" class=\"wp-image-1097\" srcset=\"https:\/\/mariehebbelynck.com\/wp-content\/uploads\/2026\/03\/5Q0A8863-1024x683.jpeg 1024w, https:\/\/mariehebbelynck.com\/wp-content\/uploads\/2026\/03\/5Q0A8863-300x200.jpeg 300w, https:\/\/mariehebbelynck.com\/wp-content\/uploads\/2026\/03\/5Q0A8863-768x512.jpeg 768w, https:\/\/mariehebbelynck.com\/wp-content\/uploads\/2026\/03\/5Q0A8863-1536x1024.jpeg 1536w, https:\/\/mariehebbelynck.com\/wp-content\/uploads\/2026\/03\/5Q0A8863-2048x1365.jpeg 2048w\" sizes=\"(max-width: 1024px) 100vw, 1024px\" \/><\/figure><\/div>\n\n\n<p class=\"has-text-align-center\">Sans pr\u00e9tention narrative, ESKIS s\u2018adresse aux sens des tout-petits.<\/p>\n\n\n\n<p class=\"has-text-align-center\">Ce spectacle est envisag\u00e9 comme une parenth\u00e8se o\u00f9 la couleur, la texture, le mouvement, la musique transforment peu \u00e0 peu l\u2019espace en un terrain de jeu et de po\u00e9sie. D\u2019une page blanche, le plateau devient forme, couleur, volume, son, danse. En construction permanente, ce spectacle stimule l\u2019\u0153il, les oreilles, l\u2019\u00e9lan des enfants qui sont attir\u00e9s de ce c\u00f4t\u00e9 l\u00e0 de la sc\u00e8ne par cette m\u00e9lodie, transport\u00e9s l\u00e0 par l\u2019\u00e9clat soudain de cette couleur qui appara\u00eet.<\/p>\n<\/div>\n\n\n\n<div class=\"wp-block-column has-white-color has-vivid-cyan-blue-background-color has-text-color has-background has-link-color wp-elements-3aae2598307aaa198f634d5eae3a7c81 is-layout-flow\" style=\"padding-top:2em;padding-right:2em;padding-bottom:2em;padding-left:2em\">\n<h2 class=\"wp-block-heading has-text-align-center\" id=\"patron\" style=\"font-size:40px\">Fiche technique<\/h2>\n\n\n\n<hr class=\"wp-block-separator has-css-opacity is-style-wide\"\/>\n\n\n\n<figure class=\"wp-block-image size-large\"><img decoding=\"async\" loading=\"lazy\" width=\"1024\" height=\"683\" src=\"http:\/\/mariehebbelynck.com\/wp-content\/uploads\/2026\/03\/IMG_8838-1024x683.jpeg\" alt=\"\" class=\"wp-image-1095\" srcset=\"https:\/\/mariehebbelynck.com\/wp-content\/uploads\/2026\/03\/IMG_8838-1024x683.jpeg 1024w, https:\/\/mariehebbelynck.com\/wp-content\/uploads\/2026\/03\/IMG_8838-300x200.jpeg 300w, https:\/\/mariehebbelynck.com\/wp-content\/uploads\/2026\/03\/IMG_8838-768x512.jpeg 768w, https:\/\/mariehebbelynck.com\/wp-content\/uploads\/2026\/03\/IMG_8838-1536x1024.jpeg 1536w, https:\/\/mariehebbelynck.com\/wp-content\/uploads\/2026\/03\/IMG_8838-2048x1365.jpeg 2048w\" sizes=\"(max-width: 1024px) 100vw, 1024px\" \/><\/figure>\n\n\n\n<p>\u23f1\ufe0f 25 minutes<\/p>\n\n\n\n<p>\ud83d\udc23 Pour toute la famille d\u00e8s 6 mois (mais possible aussi pour les plus grands ! )<\/p>\n\n\n\n<p>\u25fc\ufe0fDimension plateau minimum : 5X5m<\/p>\n\n\n\n<p>\ud83d\udca1Obscurit\u00e9 souhaitable<\/p>\n\n\n\n<p>\ud83c\udfd7\ufe0f Temps de montage: environ 2h30 (\u00e0 pr\u00e9ciser en fonction de l\u2019espace )<\/p>\n\n\n\n<p>\ud83e\uddfdTemps de d\u00e9montage: 2 h<\/p>\n\n\n\n<p>\ud83e\uddd1\u200d\ud83e\uddd1\u200d\ud83e\uddd2\u200d\ud83e\uddd2 Jauge conseill\u00e9e: 50 \u00e0 80 (selon l\u2019\u00e2ge et le lieu)<\/p>\n\n\n\n<p><\/p>\n<\/div>\n<\/div>\n\n\n\n<div style=\"height:38px\" aria-hidden=\"true\" class=\"wp-block-spacer\"><\/div>\n\n\n\n<div class=\"wp-block-buttons is-content-justification-center is-layout-flex wp-container-5\">\n<div class=\"wp-block-button\"><a class=\"wp-block-button__link has-black-color has-vivid-cyan-blue-background-color has-text-color has-background wp-element-button\" href=\"https:\/\/02d48b85-a8ef-4562-b79c-c780cfc4f0e8.filesusr.com\/ugd\/a5d2e5_aee3fca75e6f4ca2842a37ff27fb3249.pdf\">Consulter le Dossier Artistique<\/a><\/div>\n<\/div>\n\n\n\n<p class=\"has-text-align-center\">Spectacle de la <a href=\"https:\/\/ciepoe.wixsite.com\/spectacledanse\/mr-tambour\" title=\"\">Compagnie Po\u00e9<\/a><\/p>\n\n\n<div class=\"wp-block-image\">\n<figure class=\"aligncenter size-large is-resized\"><img decoding=\"async\" loading=\"lazy\" src=\"http:\/\/mariehebbelynck.com\/wp-content\/uploads\/2026\/03\/IMG_9431-708x1024.png\" alt=\"\" class=\"wp-image-1087\" width=\"39\" height=\"56\" srcset=\"https:\/\/mariehebbelynck.com\/wp-content\/uploads\/2026\/03\/IMG_9431-708x1024.png 708w, https:\/\/mariehebbelynck.com\/wp-content\/uploads\/2026\/03\/IMG_9431-207x300.png 207w, https:\/\/mariehebbelynck.com\/wp-content\/uploads\/2026\/03\/IMG_9431-768x1110.png 768w, https:\/\/mariehebbelynck.com\/wp-content\/uploads\/2026\/03\/IMG_9431.png 823w\" sizes=\"(max-width: 39px) 100vw, 39px\" \/><\/figure><\/div>\n\n\n<p class=\"has-text-align-center\">Chor\u00e9graphie et mise en sc\u00e8ne : Ana\u00efs Exbrayat<br>Composition, chant et musique live : Marie Hebbelynck<\/p>\n\n\n\n<hr class=\"wp-block-separator has-alpha-channel-opacity is-style-wide\"\/>\n\n\n\n<p class=\"has-vivid-red-color has-text-color has-large-font-size\"><strong>Ateliers autour du spectacle<\/strong><\/p>\n\n\n\n<p>En compl\u00e9ment de la repr\u00e9sentation, la Compagnie Po\u00e9 propose des ateliers m\u00ealant danse, musique et peinture, adapt\u00e9s aux cr\u00e8ches, \u00e9coles maternelles et structures culturelles.<\/p>\n\n\n\n<p>Ces ateliers prolongent l\u2019univers d\u2019ESKIS en permettant aux enfants d\u2019exp\u00e9rimenter \u00e0 leur tour la couleur, le mouvement et le son.<\/p>\n\n\n\n<p>Ces ateliers peuvent s\u2019inscrire dans un projet d\u2019action culturelle, une r\u00e9sidence ou un parcours artistique.<\/p>\n\n\n\n<div class=\"wp-block-buttons is-content-justification-left is-layout-flex wp-container-6\">\n<div class=\"wp-block-button\"><a class=\"wp-block-button__link has-black-color has-text-color has-background wp-element-button\" href=\"https:\/\/02d48b85-a8ef-4562-b79c-c780cfc4f0e8.filesusr.com\/ugd\/a5d2e5_26a4298aaad34514a2a8941fa816988c.pdf\" style=\"background-color:#ffc830\">Consulter le Dossier P\u00e9dagogique<\/a><\/div>\n<\/div>\n\n\n\n<div style=\"height:38px\" aria-hidden=\"true\" class=\"wp-block-spacer\"><\/div>\n\n\n\n<hr class=\"wp-block-separator has-alpha-channel-opacity is-style-wide\"\/>\n\n\n\n<div style=\"height:38px\" aria-hidden=\"true\" class=\"wp-block-spacer\"><\/div>\n\n\n<div class=\"wp-block-image\">\n<figure class=\"aligncenter size-large\"><img decoding=\"async\" loading=\"lazy\" width=\"1024\" height=\"633\" src=\"http:\/\/mariehebbelynck.com\/wp-content\/uploads\/2026\/03\/IMG_9288-1024x633.jpeg\" alt=\"\" class=\"wp-image-1082\" srcset=\"https:\/\/mariehebbelynck.com\/wp-content\/uploads\/2026\/03\/IMG_9288-1024x633.jpeg 1024w, https:\/\/mariehebbelynck.com\/wp-content\/uploads\/2026\/03\/IMG_9288-300x185.jpeg 300w, https:\/\/mariehebbelynck.com\/wp-content\/uploads\/2026\/03\/IMG_9288-768x475.jpeg 768w, https:\/\/mariehebbelynck.com\/wp-content\/uploads\/2026\/03\/IMG_9288-1536x950.jpeg 1536w, https:\/\/mariehebbelynck.com\/wp-content\/uploads\/2026\/03\/IMG_9288.jpeg 1965w\" sizes=\"(max-width: 1024px) 100vw, 1024px\" \/><\/figure><\/div>\n\n\n<div style=\"height:100px\" aria-hidden=\"true\" class=\"wp-block-spacer\"><\/div>\n\n\n\n<figure class=\"wp-block-gallery has-nested-images columns-default is-cropped wp-block-gallery-7 is-layout-flex\">\n<figure class=\"wp-block-image size-large\"><img decoding=\"async\" loading=\"lazy\" width=\"1024\" height=\"671\" data-id=\"1094\"  src=\"http:\/\/mariehebbelynck.com\/wp-content\/uploads\/2026\/03\/IMG_9289-1024x671.jpeg\" alt=\"\" class=\"wp-image-1094\" srcset=\"https:\/\/mariehebbelynck.com\/wp-content\/uploads\/2026\/03\/IMG_9289-1024x671.jpeg 1024w, https:\/\/mariehebbelynck.com\/wp-content\/uploads\/2026\/03\/IMG_9289-300x197.jpeg 300w, https:\/\/mariehebbelynck.com\/wp-content\/uploads\/2026\/03\/IMG_9289-768x503.jpeg 768w, https:\/\/mariehebbelynck.com\/wp-content\/uploads\/2026\/03\/IMG_9289-1536x1007.jpeg 1536w, https:\/\/mariehebbelynck.com\/wp-content\/uploads\/2026\/03\/IMG_9289-2048x1342.jpeg 2048w\" sizes=\"(max-width: 1024px) 100vw, 1024px\" \/><\/figure>\n\n\n\n<figure class=\"wp-block-image size-large\"><img decoding=\"async\" loading=\"lazy\" width=\"1024\" height=\"768\" data-id=\"1090\"  src=\"http:\/\/mariehebbelynck.com\/wp-content\/uploads\/2026\/03\/IMG_9296-1024x768.jpeg\" alt=\"\" class=\"wp-image-1090\" srcset=\"https:\/\/mariehebbelynck.com\/wp-content\/uploads\/2026\/03\/IMG_9296-1024x768.jpeg 1024w, https:\/\/mariehebbelynck.com\/wp-content\/uploads\/2026\/03\/IMG_9296-300x225.jpeg 300w, https:\/\/mariehebbelynck.com\/wp-content\/uploads\/2026\/03\/IMG_9296-768x576.jpeg 768w, https:\/\/mariehebbelynck.com\/wp-content\/uploads\/2026\/03\/IMG_9296-1536x1152.jpeg 1536w, https:\/\/mariehebbelynck.com\/wp-content\/uploads\/2026\/03\/IMG_9296-2048x1535.jpeg 2048w\" sizes=\"(max-width: 1024px) 100vw, 1024px\" \/><\/figure>\n<\/figure>\n\n\n\n<div style=\"height:100px\" aria-hidden=\"true\" class=\"wp-block-spacer\"><\/div>\n","protected":false},"excerpt":{"rendered":"<p>Un spectacle sensoriel danse, musique et peinture qui \u00e9veille l\u2018imaginaireFamilial d\u00e8s 6 mois La danse, la musique et la peinture se r\u00e9pondent et se soutiennent, [&hellip;]<\/p>\n","protected":false},"author":1,"featured_media":0,"parent":0,"menu_order":0,"comment_status":"closed","ping_status":"closed","template":"","meta":{"_mi_skip_tracking":false,"_monsterinsights_sitenote_active":false,"_monsterinsights_sitenote_note":"","_monsterinsights_sitenote_category":0},"aioseo_notices":[],"_links":{"self":[{"href":"https:\/\/mariehebbelynck.com\/index.php?rest_route=\/wp\/v2\/pages\/1080"}],"collection":[{"href":"https:\/\/mariehebbelynck.com\/index.php?rest_route=\/wp\/v2\/pages"}],"about":[{"href":"https:\/\/mariehebbelynck.com\/index.php?rest_route=\/wp\/v2\/types\/page"}],"author":[{"embeddable":true,"href":"https:\/\/mariehebbelynck.com\/index.php?rest_route=\/wp\/v2\/users\/1"}],"replies":[{"embeddable":true,"href":"https:\/\/mariehebbelynck.com\/index.php?rest_route=%2Fwp%2Fv2%2Fcomments&post=1080"}],"version-history":[{"count":42,"href":"https:\/\/mariehebbelynck.com\/index.php?rest_route=\/wp\/v2\/pages\/1080\/revisions"}],"predecessor-version":[{"id":1169,"href":"https:\/\/mariehebbelynck.com\/index.php?rest_route=\/wp\/v2\/pages\/1080\/revisions\/1169"}],"wp:attachment":[{"href":"https:\/\/mariehebbelynck.com\/index.php?rest_route=%2Fwp%2Fv2%2Fmedia&parent=1080"}],"curies":[{"name":"wp","href":"https:\/\/api.w.org\/{rel}","templated":true}]}}