{"id":213,"date":"2023-06-02T20:40:08","date_gmt":"2023-06-02T18:40:08","guid":{"rendered":"https:\/\/mariehebbelynck.com\/?page_id=213"},"modified":"2023-09-19T22:59:20","modified_gmt":"2023-09-19T20:59:20","slug":"les-spectacles","status":"publish","type":"page","link":"https:\/\/mariehebbelynck.com\/?page_id=213","title":{"rendered":"Les spectacles"},"content":{"rendered":"\n<div class=\"wp-block-columns alignwide is-layout-flex wp-container-7\" style=\"margin-bottom:0\">\n<div class=\"wp-block-column has-text-color has-background has-link-color wp-elements-5c23361667feef3fc758716c1ac56c80 is-layout-flow\" style=\"color:#000000;background-color:#f2fcf6;padding-top:2em;padding-right:2em;padding-bottom:2em;padding-left:2em\"><div class=\"wp-block-image\">\n<figure class=\"aligncenter size-large is-resized\"><img decoding=\"async\" loading=\"lazy\" src=\"https:\/\/mariehebbelynck.com\/wp-content\/uploads\/2023\/05\/14B80317-FEFB-421A-8D44-17B3BDD1BDEA-803x1024.jpeg\" alt=\"\" class=\"wp-image-173\" width=\"201\" height=\"256\" srcset=\"https:\/\/mariehebbelynck.com\/wp-content\/uploads\/2023\/05\/14B80317-FEFB-421A-8D44-17B3BDD1BDEA-803x1024.jpeg 803w, https:\/\/mariehebbelynck.com\/wp-content\/uploads\/2023\/05\/14B80317-FEFB-421A-8D44-17B3BDD1BDEA-235x300.jpeg 235w, https:\/\/mariehebbelynck.com\/wp-content\/uploads\/2023\/05\/14B80317-FEFB-421A-8D44-17B3BDD1BDEA-768x979.jpeg 768w, https:\/\/mariehebbelynck.com\/wp-content\/uploads\/2023\/05\/14B80317-FEFB-421A-8D44-17B3BDD1BDEA-1205x1536.jpeg 1205w, https:\/\/mariehebbelynck.com\/wp-content\/uploads\/2023\/05\/14B80317-FEFB-421A-8D44-17B3BDD1BDEA.jpeg 1509w\" sizes=\"(max-width: 201px) 100vw, 201px\" \/><\/figure><\/div>\n\n\n<h1 class=\"wp-block-heading has-text-align-center\" id=\"single\" style=\"font-size:33px\">Petite musique des bois<\/h1>\n\n\n\n<p class=\"has-text-align-center has-normal-font-size\" style=\"line-height:1.5\"><em>Spectacle musical en solo<\/em><\/p>\n\n\n\n<hr class=\"wp-block-separator has-text-color has-css-opacity has-background is-style-wide\" style=\"background-color:#000000;color:#000000\"\/>\n\n\n\n<p style=\"font-size:17px\">C\u2019est bien calme aujourd\u2019hui dans la for\u00eat. Comme chaque matin, le Grand Cerf prend son petit d\u00e9jeuner tranquillement install\u00e9 \u00e0 la fen\u00eatre de sa maison. <br>Quand tout \u00e0 coup, il aper\u00e7oit un lapin:  \u00ab&nbsp;cerf, cerf, ouvre moi!&nbsp;\u00bb<\/p>\n\n\n\n<hr class=\"wp-block-separator has-text-color has-css-opacity has-background is-style-wide\" style=\"background-color:#000000;color:#000000\"\/>\n\n\n\n<p class=\"has-text-align-center has-small-font-size\">1 \u00e0 4 ans &#8211; 45 minutes<\/p>\n\n\n\n<div class=\"wp-block-buttons is-horizontal is-content-justification-center is-layout-flex wp-container-1\">\n<div class=\"wp-block-button has-custom-width wp-block-button__width-100 is-style-fill\"><a class=\"wp-block-button__link has-white-color has-luminous-vivid-amber-background-color has-text-color has-background wp-element-button\" href=\"https:\/\/mariehebbelynck.com\/?page_id=274\">En savoir plus<\/a><\/div>\n<\/div>\n<\/div>\n\n\n\n<div class=\"wp-block-column has-text-color has-background has-link-color wp-elements-5f0738ea770f56364cfe561be5a5a0c4 is-layout-flow\" style=\"color:#000000;background-color:#ffeaea;padding-top:2em;padding-right:2em;padding-bottom:2em;padding-left:2em\"><div class=\"wp-block-image\">\n<figure class=\"aligncenter size-large is-resized\"><img decoding=\"async\" loading=\"lazy\" src=\"http:\/\/mariehebbelynck.com\/wp-content\/uploads\/2023\/06\/270AE6CD-76F1-41AF-B048-0E90BA9A495A-768x1024.jpeg\" alt=\"\" class=\"wp-image-228\" width=\"192\" height=\"256\" srcset=\"https:\/\/mariehebbelynck.com\/wp-content\/uploads\/2023\/06\/270AE6CD-76F1-41AF-B048-0E90BA9A495A-768x1024.jpeg 768w, https:\/\/mariehebbelynck.com\/wp-content\/uploads\/2023\/06\/270AE6CD-76F1-41AF-B048-0E90BA9A495A-225x300.jpeg 225w, https:\/\/mariehebbelynck.com\/wp-content\/uploads\/2023\/06\/270AE6CD-76F1-41AF-B048-0E90BA9A495A-1152x1536.jpeg 1152w, https:\/\/mariehebbelynck.com\/wp-content\/uploads\/2023\/06\/270AE6CD-76F1-41AF-B048-0E90BA9A495A-1536x2048.jpeg 1536w, https:\/\/mariehebbelynck.com\/wp-content\/uploads\/2023\/06\/270AE6CD-76F1-41AF-B048-0E90BA9A495A-scaled.jpeg 1920w\" sizes=\"(max-width: 192px) 100vw, 192px\" \/><\/figure><\/div>\n\n\n<h2 class=\"wp-block-heading has-text-align-center\" id=\"family\" style=\"font-size:33px\"><strong>Miam miam<\/strong> <br>Glou Glou<\/h2>\n\n\n\n<p class=\"has-text-align-center has-normal-font-size\" style=\"line-height:1.5\"><em>Contes et musique <\/em><br>Avec Solenne Chardon<\/p>\n\n\n\n<hr class=\"wp-block-separator has-css-opacity is-style-wide\"\/>\n\n\n\n<p style=\"font-size:17px\">Lulu ventru est un goulu ! Quand il a faim, il faut qu\u2019il mange, vite ! Mais il ne sait pas cuisiner, alors il mangerait bien\u2026 un tas de crottin, deux burgers graisseux, trois pains farineux, quatre pizzas farcies\u2026<\/p>\n\n\n\n<hr class=\"wp-block-separator has-css-opacity is-style-wide\"\/>\n\n\n\n<p class=\"has-text-align-center has-small-font-size\">Spectacle familial d\u00e8s 4 ans &#8211; 40 minutes<\/p>\n\n\n\n<div class=\"wp-block-buttons is-horizontal is-content-justification-space-between is-layout-flex wp-container-3\">\n<div class=\"wp-block-button has-custom-width wp-block-button__width-100 is-style-fill\"><a class=\"wp-block-button__link has-white-color has-vivid-red-background-color has-text-color has-background wp-element-button\" href=\"https:\/\/mariehebbelynck.com\/?page_id=277\">En savoir plus<\/a><\/div>\n<\/div>\n<\/div>\n\n\n\n<div class=\"wp-block-column has-text-color has-background has-link-color wp-elements-bc8bc4ad7d424f1f51ef7b22dc765a9a is-layout-flow\" style=\"color:#000000;background-color:#def2f7;padding-top:2em;padding-right:2em;padding-bottom:2em;padding-left:2em\"><div class=\"wp-block-image\">\n<figure class=\"aligncenter size-large is-resized\"><img decoding=\"async\" loading=\"lazy\" src=\"http:\/\/mariehebbelynck.com\/wp-content\/uploads\/2023\/05\/5343A6D4-77A4-4B02-A5B4-DD07D14B4053-724x1024.jpeg\" alt=\"\" class=\"wp-image-171\" width=\"181\" height=\"256\" srcset=\"https:\/\/mariehebbelynck.com\/wp-content\/uploads\/2023\/05\/5343A6D4-77A4-4B02-A5B4-DD07D14B4053-724x1024.jpeg 724w, https:\/\/mariehebbelynck.com\/wp-content\/uploads\/2023\/05\/5343A6D4-77A4-4B02-A5B4-DD07D14B4053-212x300.jpeg 212w, https:\/\/mariehebbelynck.com\/wp-content\/uploads\/2023\/05\/5343A6D4-77A4-4B02-A5B4-DD07D14B4053-768x1086.jpeg 768w, https:\/\/mariehebbelynck.com\/wp-content\/uploads\/2023\/05\/5343A6D4-77A4-4B02-A5B4-DD07D14B4053-1086x1536.jpeg 1086w, https:\/\/mariehebbelynck.com\/wp-content\/uploads\/2023\/05\/5343A6D4-77A4-4B02-A5B4-DD07D14B4053-1448x2048.jpeg 1448w, https:\/\/mariehebbelynck.com\/wp-content\/uploads\/2023\/05\/5343A6D4-77A4-4B02-A5B4-DD07D14B4053-scaled.jpeg 1810w\" sizes=\"(max-width: 181px) 100vw, 181px\" \/><\/figure><\/div>\n\n\n<h2 class=\"wp-block-heading has-text-align-center\" id=\"patron\" style=\"font-size:33px\"><strong>Sieste musicale<\/strong><\/h2>\n\n\n\n<p class=\"has-text-align-center has-normal-font-size\"><em> Musique en duo<\/em><br>Avec J\u00e9r\u00e9my Cauliez<\/p>\n\n\n\n<hr class=\"wp-block-separator has-css-opacity is-style-wide\"\/>\n\n\n\n<p>Moment musical hors du temps. <\/p>\n\n\n\n<hr class=\"wp-block-separator has-css-opacity is-style-wide\"\/>\n\n\n\n<ul class=\"has-small-font-size\">\n<li>Sieste musicale pour les tout-petits. Formule pour les 0\/3 ans et les 4 ans +<\/li>\n<\/ul>\n\n\n\n<ul class=\"has-small-font-size\">\n<li>Voyage musical pour les ados\/ adultes<\/li>\n<\/ul>\n\n\n\n<div class=\"wp-block-buttons is-horizontal is-content-justification-center is-layout-flex wp-container-5\">\n<div class=\"wp-block-button has-custom-width wp-block-button__width-100\"><a class=\"wp-block-button__link has-white-color has-pale-cyan-blue-background-color has-text-color has-background wp-element-button\" href=\"https:\/\/mariehebbelynck.com\/?page_id=277\">En savoir plus<\/a><\/div>\n<\/div>\n<\/div>\n<\/div>\n\n\n\n<hr class=\"wp-block-separator has-alpha-channel-opacity\"\/>\n\n\n\n<div class=\"wp-block-columns alignwide is-layout-flex wp-container-14\" style=\"margin-bottom:0\">\n<div class=\"wp-block-column has-text-color has-background has-link-color wp-elements-997a55c5a9a0d01e2b42a0d147316461 is-layout-flow\" style=\"color:#000000;background-color:#ffc47d;padding-top:2em;padding-right:2em;padding-bottom:2em;padding-left:2em\"><div class=\"wp-block-image\">\n<figure class=\"aligncenter size-large is-resized\"><img decoding=\"async\" loading=\"lazy\" src=\"https:\/\/mariehebbelynck.com\/wp-content\/uploads\/2023\/06\/511D85D8-818B-43D3-9F86-728285BEF0B3-724x1024.png\" alt=\"\" class=\"wp-image-240\" width=\"181\" height=\"256\" srcset=\"https:\/\/mariehebbelynck.com\/wp-content\/uploads\/2023\/06\/511D85D8-818B-43D3-9F86-728285BEF0B3-724x1024.png 724w, https:\/\/mariehebbelynck.com\/wp-content\/uploads\/2023\/06\/511D85D8-818B-43D3-9F86-728285BEF0B3-212x300.png 212w, https:\/\/mariehebbelynck.com\/wp-content\/uploads\/2023\/06\/511D85D8-818B-43D3-9F86-728285BEF0B3-768x1086.png 768w, https:\/\/mariehebbelynck.com\/wp-content\/uploads\/2023\/06\/511D85D8-818B-43D3-9F86-728285BEF0B3-1086x1536.png 1086w, https:\/\/mariehebbelynck.com\/wp-content\/uploads\/2023\/06\/511D85D8-818B-43D3-9F86-728285BEF0B3-1448x2048.png 1448w\" sizes=\"(max-width: 181px) 100vw, 181px\" \/><\/figure><\/div>\n\n\n<h2 class=\"wp-block-heading has-text-align-center\" id=\"single\" style=\"font-size:33px\">Les louperies &amp; cie<\/h2>\n\n\n\n<p class=\"has-text-align-center has-normal-font-size\" style=\"line-height:1.5\"><em>Contes et musique <\/em><br>Avec Syd\u00e9 de Konsl\u2019diz<\/p>\n\n\n\n<hr class=\"wp-block-separator has-text-color has-css-opacity has-background is-style-wide\" style=\"background-color:#000000;color:#000000\"\/>\n\n\n\n<p style=\"font-size:17px\">D\u00e9couvrez des histoires de loups, mais pas que ! Coyote, ch\u00e8vre et m\u00eame lion sont au rendez-vous. Suivez Sib\u00eate, un loup d\u00e9sesp\u00e9r\u00e9ment b\u00eate, \u00e0 la recherche de quelque chose \u00e0 se mettre sous la dent\u2026<\/p>\n\n\n\n<hr class=\"wp-block-separator has-text-color has-css-opacity has-background is-style-wide\" style=\"background-color:#000000;color:#000000\"\/>\n\n\n\n<p class=\"has-text-align-center has-small-font-size\">Spectacle familial <br>\u00e0 partir de 5 ans &#8211; 1 heure<\/p>\n\n\n\n<div class=\"wp-block-buttons is-horizontal is-content-justification-center is-layout-flex wp-container-8\">\n<div class=\"wp-block-button has-custom-width wp-block-button__width-100\"><a class=\"wp-block-button__link has-white-color has-text-color has-background wp-element-button\" href=\"https:\/\/mariehebbelynck.com\/?page_id=285\" style=\"background-color:#e99700\">En savoir plus<\/a><\/div>\n<\/div>\n<\/div>\n\n\n\n<div class=\"wp-block-column has-text-color has-background has-link-color wp-elements-90bbe1ba8445bef9d09a8f24541cb5a2 is-layout-flow\" style=\"color:#000000;background-color:#fff08d;padding-top:2em;padding-right:2em;padding-bottom:2em;padding-left:2em\"><div class=\"wp-block-image\">\n<figure class=\"aligncenter size-large is-resized\"><img decoding=\"async\" loading=\"lazy\" src=\"https:\/\/mariehebbelynck.com\/wp-content\/uploads\/2023\/06\/A996C440-72B7-4C2B-BDB5-A31A6FBF1830-724x1024.png\" alt=\"\" class=\"wp-image-248\" width=\"181\" height=\"256\" srcset=\"https:\/\/mariehebbelynck.com\/wp-content\/uploads\/2023\/06\/A996C440-72B7-4C2B-BDB5-A31A6FBF1830-724x1024.png 724w, https:\/\/mariehebbelynck.com\/wp-content\/uploads\/2023\/06\/A996C440-72B7-4C2B-BDB5-A31A6FBF1830-212x300.png 212w, https:\/\/mariehebbelynck.com\/wp-content\/uploads\/2023\/06\/A996C440-72B7-4C2B-BDB5-A31A6FBF1830-768x1086.png 768w, https:\/\/mariehebbelynck.com\/wp-content\/uploads\/2023\/06\/A996C440-72B7-4C2B-BDB5-A31A6FBF1830-1086x1536.png 1086w, https:\/\/mariehebbelynck.com\/wp-content\/uploads\/2023\/06\/A996C440-72B7-4C2B-BDB5-A31A6FBF1830-1448x2048.png 1448w\" sizes=\"(max-width: 181px) 100vw, 181px\" \/><\/figure><\/div>\n\n\n<h2 class=\"wp-block-heading has-text-align-center\" id=\"family\" style=\"font-size:33px\">Les musiciens de Br\u00e8me <\/h2>\n\n\n\n<p class=\"has-text-align-center\" style=\"font-size:16px;line-height:1.5\"><em>Contes, musique, ombres et art<\/em><br>Avec Manue Gracia de Konsl\u2019diz<\/p>\n\n\n\n<hr class=\"wp-block-separator has-css-opacity is-style-wide\"\/>\n\n\n\n<p style=\"font-size:17px\">\u00ab&nbsp;C\u2019est d\u00e9cid\u00e9, je pars, je vais \u00e0 Br\u00e8me ! Faire quoi ? Pourquoi pas devenir musicien !&nbsp;\u00bb<\/p>\n\n\n\n<hr class=\"wp-block-separator has-css-opacity is-style-wide\"\/>\n\n\n\n<p class=\"has-text-align-center has-small-font-size\">Spectacle familial<br>\u00e0 partir de 4 ans &#8211; 45 minutes<\/p>\n\n\n\n<div class=\"wp-block-buttons is-horizontal is-content-justification-center is-layout-flex wp-container-10\">\n<div class=\"wp-block-button has-custom-width wp-block-button__width-100 is-style-fill\"><a class=\"wp-block-button__link has-white-color has-text-color has-background wp-element-button\" href=\"https:\/\/mariehebbelynck.com\/?page_id=289\" style=\"background-color:#eb8415\">En savoir plus<\/a><\/div>\n<\/div>\n<\/div>\n\n\n\n<div class=\"wp-block-column has-text-color has-background has-link-color wp-elements-d5d6465b01f6b63a45db704e4a3f8f21 is-layout-flow\" style=\"color:#000000;background-color:#c0ebf1;padding-top:2em;padding-right:2em;padding-bottom:2em;padding-left:2em\"><div class=\"wp-block-image\">\n<figure class=\"aligncenter size-large\"><img decoding=\"async\" loading=\"lazy\" width=\"1024\" height=\"1024\" src=\"http:\/\/mariehebbelynck.com\/wp-content\/uploads\/2023\/06\/AE6E9D79-7610-4D2F-8ABD-26BCF9110E5E-1024x1024.jpeg\" alt=\"\" class=\"wp-image-259\" srcset=\"https:\/\/mariehebbelynck.com\/wp-content\/uploads\/2023\/06\/AE6E9D79-7610-4D2F-8ABD-26BCF9110E5E-1024x1024.jpeg 1024w, https:\/\/mariehebbelynck.com\/wp-content\/uploads\/2023\/06\/AE6E9D79-7610-4D2F-8ABD-26BCF9110E5E-300x300.jpeg 300w, https:\/\/mariehebbelynck.com\/wp-content\/uploads\/2023\/06\/AE6E9D79-7610-4D2F-8ABD-26BCF9110E5E-150x150.jpeg 150w, https:\/\/mariehebbelynck.com\/wp-content\/uploads\/2023\/06\/AE6E9D79-7610-4D2F-8ABD-26BCF9110E5E-768x768.jpeg 768w, https:\/\/mariehebbelynck.com\/wp-content\/uploads\/2023\/06\/AE6E9D79-7610-4D2F-8ABD-26BCF9110E5E.jpeg 1206w\" sizes=\"(max-width: 1024px) 100vw, 1024px\" \/><\/figure><\/div>\n\n\n<h2 class=\"wp-block-heading has-text-align-center\" id=\"patron\" style=\"font-size:33px\">Le tout petit bal trad<\/h2>\n\n\n\n<p class=\"has-text-align-center\" style=\"font-size:16px\"><em>Musique et danse traditionnelles<\/em><\/p>\n\n\n\n<hr class=\"wp-block-separator has-css-opacity is-style-wide\"\/>\n\n\n\n<p style=\"font-size:17px\">Bal traditionnel sp\u00e9cialement con\u00e7u pour les enfants. Adapt\u00e9 pour les petites jambes, avec des pas simplifi\u00e9s, et une difficult\u00e9 qui s\u2019adapte \u00e0 chaque \u00e2ge, ce tout petit bal fait suite \u00e0 une s\u00e9rie d\u2019ateliers pour apprendre les danses telles que la bourr\u00e9e,  le cercle circassien ou la scottish.<\/p>\n\n\n\n<hr class=\"wp-block-separator has-css-opacity is-style-wide\"\/>\n\n\n\n<p class=\"has-text-align-center has-small-font-size\">Bal pour enfants<br>Pour une toute petite jauge <br>A partir de 5 ans &#8211; 45 minutes<\/p>\n\n\n\n<div class=\"wp-block-buttons is-horizontal is-content-justification-center is-layout-flex wp-container-12\">\n<div class=\"wp-block-button has-custom-width wp-block-button__width-100\"><a class=\"wp-block-button__link has-white-color has-vivid-cyan-blue-background-color has-text-color has-background wp-element-button\" href=\"https:\/\/mariehebbelynck.com\/?page_id=282\">En savoir plus<\/a><\/div>\n<\/div>\n\n\n\n<p><\/p>\n<\/div>\n<\/div>\n","protected":false},"excerpt":{"rendered":"<p>Petite musique des bois Spectacle musical en solo C\u2019est bien calme aujourd\u2019hui dans la for\u00eat. Comme chaque matin, le Grand Cerf prend son petit d\u00e9jeuner [&hellip;]<\/p>\n","protected":false},"author":1,"featured_media":0,"parent":0,"menu_order":0,"comment_status":"closed","ping_status":"closed","template":"","meta":{"_mi_skip_tracking":false,"_monsterinsights_sitenote_active":false,"_monsterinsights_sitenote_note":"","_monsterinsights_sitenote_category":0},"aioseo_notices":[],"_links":{"self":[{"href":"https:\/\/mariehebbelynck.com\/index.php?rest_route=\/wp\/v2\/pages\/213"}],"collection":[{"href":"https:\/\/mariehebbelynck.com\/index.php?rest_route=\/wp\/v2\/pages"}],"about":[{"href":"https:\/\/mariehebbelynck.com\/index.php?rest_route=\/wp\/v2\/types\/page"}],"author":[{"embeddable":true,"href":"https:\/\/mariehebbelynck.com\/index.php?rest_route=\/wp\/v2\/users\/1"}],"replies":[{"embeddable":true,"href":"https:\/\/mariehebbelynck.com\/index.php?rest_route=%2Fwp%2Fv2%2Fcomments&post=213"}],"version-history":[{"count":27,"href":"https:\/\/mariehebbelynck.com\/index.php?rest_route=\/wp\/v2\/pages\/213\/revisions"}],"predecessor-version":[{"id":445,"href":"https:\/\/mariehebbelynck.com\/index.php?rest_route=\/wp\/v2\/pages\/213\/revisions\/445"}],"wp:attachment":[{"href":"https:\/\/mariehebbelynck.com\/index.php?rest_route=%2Fwp%2Fv2%2Fmedia&parent=213"}],"curies":[{"name":"wp","href":"https:\/\/api.w.org\/{rel}","templated":true}]}}