{"id":274,"date":"2023-06-11T19:08:35","date_gmt":"2023-06-11T17:08:35","guid":{"rendered":"https:\/\/mariehebbelynck.com\/?page_id=274"},"modified":"2023-09-23T18:37:26","modified_gmt":"2023-09-23T16:37:26","slug":"petite-musique-des-bois","status":"publish","type":"page","link":"https:\/\/mariehebbelynck.com\/?page_id=274","title":{"rendered":"Petite musique des bois"},"content":{"rendered":"\n<div class=\"wp-block-columns is-layout-flex wp-container-3\">\n<div class=\"wp-block-column is-layout-flow\">\n<figure class=\"wp-block-image size-large\"><img decoding=\"async\" loading=\"lazy\" width=\"714\" height=\"1024\" src=\"http:\/\/mariehebbelynck.com\/wp-content\/uploads\/2023\/05\/7384A7A1-9B09-46E7-ADB4-AC66D24F9BC9-714x1024.jpeg\" alt=\"\" class=\"wp-image-165\" srcset=\"https:\/\/mariehebbelynck.com\/wp-content\/uploads\/2023\/05\/7384A7A1-9B09-46E7-ADB4-AC66D24F9BC9-714x1024.jpeg 714w, https:\/\/mariehebbelynck.com\/wp-content\/uploads\/2023\/05\/7384A7A1-9B09-46E7-ADB4-AC66D24F9BC9-209x300.jpeg 209w, https:\/\/mariehebbelynck.com\/wp-content\/uploads\/2023\/05\/7384A7A1-9B09-46E7-ADB4-AC66D24F9BC9-768x1101.jpeg 768w, https:\/\/mariehebbelynck.com\/wp-content\/uploads\/2023\/05\/7384A7A1-9B09-46E7-ADB4-AC66D24F9BC9-1071x1536.jpeg 1071w, https:\/\/mariehebbelynck.com\/wp-content\/uploads\/2023\/05\/7384A7A1-9B09-46E7-ADB4-AC66D24F9BC9.jpeg 1428w\" sizes=\"(max-width: 714px) 100vw, 714px\" \/><\/figure>\n<\/div>\n\n\n\n<div class=\"wp-block-column is-layout-flow\">\n<figure class=\"wp-block-image size-large\"><img decoding=\"async\" loading=\"lazy\" width=\"718\" height=\"1024\" src=\"http:\/\/mariehebbelynck.com\/wp-content\/uploads\/2023\/05\/7D3EEACC-CDF4-4CE9-89AE-1A6F97CCD48D-718x1024.jpeg\" alt=\"\" class=\"wp-image-164\" srcset=\"https:\/\/mariehebbelynck.com\/wp-content\/uploads\/2023\/05\/7D3EEACC-CDF4-4CE9-89AE-1A6F97CCD48D-718x1024.jpeg 718w, https:\/\/mariehebbelynck.com\/wp-content\/uploads\/2023\/05\/7D3EEACC-CDF4-4CE9-89AE-1A6F97CCD48D-210x300.jpeg 210w, https:\/\/mariehebbelynck.com\/wp-content\/uploads\/2023\/05\/7D3EEACC-CDF4-4CE9-89AE-1A6F97CCD48D-768x1096.jpeg 768w, https:\/\/mariehebbelynck.com\/wp-content\/uploads\/2023\/05\/7D3EEACC-CDF4-4CE9-89AE-1A6F97CCD48D-1076x1536.jpeg 1076w, https:\/\/mariehebbelynck.com\/wp-content\/uploads\/2023\/05\/7D3EEACC-CDF4-4CE9-89AE-1A6F97CCD48D.jpeg 1435w\" sizes=\"(max-width: 718px) 100vw, 718px\" \/><\/figure>\n<\/div>\n<\/div>\n\n\n\n<div style=\"height:100px\" aria-hidden=\"true\" class=\"wp-block-spacer\"><\/div>\n\n\n\n<div class=\"wp-block-columns alignwide is-layout-flex wp-container-10\" style=\"margin-bottom:0\">\n<div class=\"wp-block-column has-text-color has-background has-link-color wp-elements-e07d10bcfec73f4b32846fced3772533 is-layout-flow\" style=\"color:#000000;background-color:#ffe97d;padding-top:2em;padding-right:2em;padding-bottom:2em;padding-left:2em\">\n<h2 class=\"wp-block-heading has-text-align-center has-black-color has-text-color\" id=\"single\" style=\"font-size:40px\">C\u2019est quoi ?<\/h2>\n\n\n\n<hr class=\"wp-block-separator has-alpha-channel-opacity is-style-wide\"\/>\n\n\n\n<figure class=\"wp-block-image size-large\"><img decoding=\"async\" loading=\"lazy\" width=\"1024\" height=\"864\" src=\"http:\/\/mariehebbelynck.com\/wp-content\/uploads\/2023\/05\/0F520A48-7297-43B2-9D02-9EB7B84898FE-1024x864.jpeg\" alt=\"\" class=\"wp-image-166\" srcset=\"https:\/\/mariehebbelynck.com\/wp-content\/uploads\/2023\/05\/0F520A48-7297-43B2-9D02-9EB7B84898FE-1024x864.jpeg 1024w, https:\/\/mariehebbelynck.com\/wp-content\/uploads\/2023\/05\/0F520A48-7297-43B2-9D02-9EB7B84898FE-300x253.jpeg 300w, https:\/\/mariehebbelynck.com\/wp-content\/uploads\/2023\/05\/0F520A48-7297-43B2-9D02-9EB7B84898FE-768x648.jpeg 768w, https:\/\/mariehebbelynck.com\/wp-content\/uploads\/2023\/05\/0F520A48-7297-43B2-9D02-9EB7B84898FE-1536x1296.jpeg 1536w, https:\/\/mariehebbelynck.com\/wp-content\/uploads\/2023\/05\/0F520A48-7297-43B2-9D02-9EB7B84898FE.jpeg 2048w\" sizes=\"(max-width: 1024px) 100vw, 1024px\" \/><\/figure>\n\n\n\n<p>Comme chaque matin, le Grand Cerf prend son petit-d\u00e9jeuner tranquillement install\u00e9 \u00e0 la fen\u00eatre de sa maison. Quand tout \u00e0 coup, il aper\u00e7oit un lapin: &#8220;Cerf Cerf, ouvre moi!&#8221;&#8230;&nbsp;<\/p>\n\n\n\n<p>Accompagn\u00e9e de son Ukul\u00e9l\u00e9, sanza, fl\u00fbte et autres petits accessoires, Marie donne vie en chanson aux adorables animaux de la for\u00eat. Elle fait voler les papillons, sauter les petites grenouilles et chanter le ruisseau.&nbsp;<\/p>\n\n\n\n<div class=\"wp-block-buttons alignfull is-horizontal is-content-justification-center is-layout-flex wp-container-4\"><\/div>\n<\/div>\n\n\n\n<div class=\"wp-block-column has-text-color has-background has-link-color wp-elements-5c11a87258c133f4da4053557e9d401e is-layout-flow\" style=\"color:#000000;background-color:#d1d1e1;padding-top:2em;padding-right:2em;padding-bottom:2em;padding-left:2em\">\n<h2 class=\"wp-block-heading has-text-align-center\" id=\"family\" style=\"font-size:40px\">Comment ?<\/h2>\n\n\n\n<hr class=\"wp-block-separator has-alpha-channel-opacity is-style-wide\"\/>\n\n\n\n<div class=\"wp-block-buttons alignfull is-horizontal is-content-justification-center is-layout-flex wp-container-6\"><\/div>\n\n\n\n<figure class=\"wp-block-image size-large\"><img decoding=\"async\" loading=\"lazy\" width=\"1024\" height=\"683\" src=\"https:\/\/mariehebbelynck.com\/wp-content\/uploads\/2023\/07\/A3E26175-328E-4D83-96B6-3C9CDD2C2469-1024x683.jpeg\" alt=\"\" class=\"wp-image-305\" srcset=\"https:\/\/mariehebbelynck.com\/wp-content\/uploads\/2023\/07\/A3E26175-328E-4D83-96B6-3C9CDD2C2469-1024x683.jpeg 1024w, https:\/\/mariehebbelynck.com\/wp-content\/uploads\/2023\/07\/A3E26175-328E-4D83-96B6-3C9CDD2C2469-300x200.jpeg 300w, https:\/\/mariehebbelynck.com\/wp-content\/uploads\/2023\/07\/A3E26175-328E-4D83-96B6-3C9CDD2C2469-768x512.jpeg 768w, https:\/\/mariehebbelynck.com\/wp-content\/uploads\/2023\/07\/A3E26175-328E-4D83-96B6-3C9CDD2C2469-1536x1024.jpeg 1536w, https:\/\/mariehebbelynck.com\/wp-content\/uploads\/2023\/07\/A3E26175-328E-4D83-96B6-3C9CDD2C2469-2048x1365.jpeg 2048w\" sizes=\"(max-width: 1024px) 100vw, 1024px\" \/><\/figure>\n\n\n\n<p>Ce spectacle est principalement ax\u00e9 sur la musique \u00e0 travers des chansons enfantines connues (le grand cerf, les petits poissons, vole vole papillon) qui sont accompagn\u00e9es de diff\u00e9rents instruments: ukul\u00e9l\u00e9, fl\u00fbte native, accessoires divers. Les arrangements musicaux sont construits&nbsp;en live gr\u00e2ce \u00e0 une loopstation, permettant de jouer plusieurs instruments en m\u00eame temps. Le tout construit sur une petite histoire &#8220;fil rouge&#8221; et des comptines, en suivant les personnages dans leur promenade en for\u00eat. Dans un d\u00e9cor plein de petits d\u00e9tails et petites surprises qui se d\u00e9voilent au fur et \u00e0 mesure.&nbsp;<\/p>\n<\/div>\n\n\n\n<div class=\"wp-block-column has-text-color has-background has-link-color wp-elements-b05ff247a060e152a98175b0c061f772 is-layout-flow\" style=\"color:#000000;background-color:#c0ebf1;padding-top:2em;padding-right:2em;padding-bottom:2em;padding-left:2em\">\n<h2 class=\"wp-block-heading has-text-align-center\" id=\"patron\" style=\"font-size:40px;text-transform:none\">Pour qui ?<\/h2>\n\n\n\n<hr class=\"wp-block-separator has-alpha-channel-opacity is-style-wide\"\/>\n\n\n\n<figure class=\"wp-block-image size-large\"><img decoding=\"async\" loading=\"lazy\" width=\"1024\" height=\"683\" src=\"https:\/\/mariehebbelynck.com\/wp-content\/uploads\/2023\/07\/F5740C56-EF25-43E8-A2A4-AACC90EAF711-1024x683.jpeg\" alt=\"\" class=\"wp-image-311\" srcset=\"https:\/\/mariehebbelynck.com\/wp-content\/uploads\/2023\/07\/F5740C56-EF25-43E8-A2A4-AACC90EAF711-1024x683.jpeg 1024w, https:\/\/mariehebbelynck.com\/wp-content\/uploads\/2023\/07\/F5740C56-EF25-43E8-A2A4-AACC90EAF711-300x200.jpeg 300w, https:\/\/mariehebbelynck.com\/wp-content\/uploads\/2023\/07\/F5740C56-EF25-43E8-A2A4-AACC90EAF711-768x512.jpeg 768w, https:\/\/mariehebbelynck.com\/wp-content\/uploads\/2023\/07\/F5740C56-EF25-43E8-A2A4-AACC90EAF711-1536x1024.jpeg 1536w, https:\/\/mariehebbelynck.com\/wp-content\/uploads\/2023\/07\/F5740C56-EF25-43E8-A2A4-AACC90EAF711-2048x1365.jpeg 2048w\" sizes=\"(max-width: 1024px) 100vw, 1024px\" \/><\/figure>\n\n\n\n<p>Pour les tout-petits de 1 \u00e0 4 ans.&nbsp;<\/p>\n\n\n\n<p>Un dur\u00e9e adapt\u00e9e: <br>30 minutes + un temps de manipulation instrumentale d\u2019environ 15 minutes<\/p>\n\n\n\n<p><\/p>\n\n\n\n<div class=\"wp-block-buttons alignfull is-horizontal is-content-justification-center is-layout-flex wp-container-8\"><\/div>\n<\/div>\n<\/div>\n\n\n\n<div style=\"height:100px\" aria-hidden=\"true\" class=\"wp-block-spacer\"><\/div>\n\n\n\n<figure class=\"wp-block-gallery has-nested-images columns-default is-cropped wp-block-gallery-11 is-layout-flex\">\n<figure class=\"wp-block-image size-large\"><img decoding=\"async\" loading=\"lazy\" width=\"900\" height=\"601\" data-id=\"156\"  src=\"https:\/\/mariehebbelynck.com\/wp-content\/uploads\/2023\/05\/AC44FEA8-AB4C-4A11-8A6B-ABED76F007F2.jpeg\" alt=\"\" class=\"wp-image-156\" srcset=\"https:\/\/mariehebbelynck.com\/wp-content\/uploads\/2023\/05\/AC44FEA8-AB4C-4A11-8A6B-ABED76F007F2.jpeg 900w, https:\/\/mariehebbelynck.com\/wp-content\/uploads\/2023\/05\/AC44FEA8-AB4C-4A11-8A6B-ABED76F007F2-300x200.jpeg 300w, https:\/\/mariehebbelynck.com\/wp-content\/uploads\/2023\/05\/AC44FEA8-AB4C-4A11-8A6B-ABED76F007F2-768x513.jpeg 768w\" sizes=\"(max-width: 900px) 100vw, 900px\" \/><\/figure>\n\n\n\n<figure class=\"wp-block-image size-large\"><img decoding=\"async\" loading=\"lazy\" width=\"900\" height=\"601\" data-id=\"155\"  src=\"https:\/\/mariehebbelynck.com\/wp-content\/uploads\/2023\/05\/3522A3AE-2E3B-4840-8F9E-D6A3049532BC.jpeg\" alt=\"\" class=\"wp-image-155\" srcset=\"https:\/\/mariehebbelynck.com\/wp-content\/uploads\/2023\/05\/3522A3AE-2E3B-4840-8F9E-D6A3049532BC.jpeg 900w, https:\/\/mariehebbelynck.com\/wp-content\/uploads\/2023\/05\/3522A3AE-2E3B-4840-8F9E-D6A3049532BC-300x200.jpeg 300w, https:\/\/mariehebbelynck.com\/wp-content\/uploads\/2023\/05\/3522A3AE-2E3B-4840-8F9E-D6A3049532BC-768x513.jpeg 768w\" sizes=\"(max-width: 900px) 100vw, 900px\" \/><\/figure>\n\n\n\n<figure class=\"wp-block-image size-large\"><img decoding=\"async\" loading=\"lazy\" width=\"900\" height=\"601\" data-id=\"153\"  src=\"https:\/\/mariehebbelynck.com\/wp-content\/uploads\/2023\/05\/8861E23E-5D4B-4A8B-8E5C-55BF41D1E430.jpeg\" alt=\"\" class=\"wp-image-153\" srcset=\"https:\/\/mariehebbelynck.com\/wp-content\/uploads\/2023\/05\/8861E23E-5D4B-4A8B-8E5C-55BF41D1E430.jpeg 900w, https:\/\/mariehebbelynck.com\/wp-content\/uploads\/2023\/05\/8861E23E-5D4B-4A8B-8E5C-55BF41D1E430-300x200.jpeg 300w, https:\/\/mariehebbelynck.com\/wp-content\/uploads\/2023\/05\/8861E23E-5D4B-4A8B-8E5C-55BF41D1E430-768x513.jpeg 768w\" sizes=\"(max-width: 900px) 100vw, 900px\" \/><\/figure>\n<\/figure>\n\n\n\n<div style=\"height:100px\" aria-hidden=\"true\" class=\"wp-block-spacer\"><\/div>\n\n\n\n<figure class=\"wp-block-embed is-type-video is-provider-youtube wp-block-embed-youtube wp-embed-aspect-16-9 wp-has-aspect-ratio\"><div class=\"wp-block-embed__wrapper\">\n<iframe loading=\"lazy\" title=\"Petite musique des bois\" width=\"640\" height=\"360\" src=\"https:\/\/www.youtube.com\/embed\/8Mau3rQv5VM?feature=oembed\" frameborder=\"0\" allow=\"accelerometer; autoplay; clipboard-write; encrypted-media; gyroscope; picture-in-picture; web-share\" allowfullscreen><\/iframe>\n<\/div><\/figure>\n\n\n<div class=\"wp-block-image\">\n<figure class=\"aligncenter size-large\"><img decoding=\"async\" loading=\"lazy\" width=\"1024\" height=\"813\" src=\"https:\/\/mariehebbelynck.com\/wp-content\/uploads\/2023\/09\/IMG_8644-1-1024x813.jpeg\" alt=\"\" class=\"wp-image-481\" srcset=\"https:\/\/mariehebbelynck.com\/wp-content\/uploads\/2023\/09\/IMG_8644-1-1024x813.jpeg 1024w, https:\/\/mariehebbelynck.com\/wp-content\/uploads\/2023\/09\/IMG_8644-1-300x238.jpeg 300w, https:\/\/mariehebbelynck.com\/wp-content\/uploads\/2023\/09\/IMG_8644-1-768x610.jpeg 768w, https:\/\/mariehebbelynck.com\/wp-content\/uploads\/2023\/09\/IMG_8644-1.jpeg 1491w\" sizes=\"(max-width: 1024px) 100vw, 1024px\" \/><\/figure><\/div>\n\n\n<div style=\"height:100px\" aria-hidden=\"true\" class=\"wp-block-spacer\"><\/div>\n\n\n\n<figure class=\"wp-block-gallery has-nested-images columns-default is-cropped wp-block-gallery-13 is-layout-flex\">\n<figure class=\"wp-block-image size-large\"><img decoding=\"async\" loading=\"lazy\" width=\"720\" height=\"720\" data-id=\"666\"  src=\"https:\/\/mariehebbelynck.com\/wp-content\/uploads\/2023\/09\/IMG_8720.jpeg\" alt=\"\" class=\"wp-image-666\" srcset=\"https:\/\/mariehebbelynck.com\/wp-content\/uploads\/2023\/09\/IMG_8720.jpeg 720w, https:\/\/mariehebbelynck.com\/wp-content\/uploads\/2023\/09\/IMG_8720-300x300.jpeg 300w, https:\/\/mariehebbelynck.com\/wp-content\/uploads\/2023\/09\/IMG_8720-150x150.jpeg 150w\" sizes=\"(max-width: 720px) 100vw, 720px\" \/><\/figure>\n\n\n\n<figure class=\"wp-block-image size-large\"><img decoding=\"async\" loading=\"lazy\" width=\"720\" height=\"720\" data-id=\"663\"  src=\"https:\/\/mariehebbelynck.com\/wp-content\/uploads\/2023\/09\/IMG_8719.jpeg\" alt=\"\" class=\"wp-image-663\" srcset=\"https:\/\/mariehebbelynck.com\/wp-content\/uploads\/2023\/09\/IMG_8719.jpeg 720w, https:\/\/mariehebbelynck.com\/wp-content\/uploads\/2023\/09\/IMG_8719-300x300.jpeg 300w, https:\/\/mariehebbelynck.com\/wp-content\/uploads\/2023\/09\/IMG_8719-150x150.jpeg 150w\" sizes=\"(max-width: 720px) 100vw, 720px\" \/><\/figure>\n\n\n\n<figure class=\"wp-block-image size-large\"><img decoding=\"async\" loading=\"lazy\" width=\"720\" height=\"720\" data-id=\"665\"  src=\"https:\/\/mariehebbelynck.com\/wp-content\/uploads\/2023\/09\/IMG_8718.jpeg\" alt=\"\" class=\"wp-image-665\" srcset=\"https:\/\/mariehebbelynck.com\/wp-content\/uploads\/2023\/09\/IMG_8718.jpeg 720w, https:\/\/mariehebbelynck.com\/wp-content\/uploads\/2023\/09\/IMG_8718-300x300.jpeg 300w, https:\/\/mariehebbelynck.com\/wp-content\/uploads\/2023\/09\/IMG_8718-150x150.jpeg 150w\" sizes=\"(max-width: 720px) 100vw, 720px\" \/><\/figure>\n\n\n\n<figure class=\"wp-block-image size-large\"><img decoding=\"async\" loading=\"lazy\" width=\"720\" height=\"720\" data-id=\"668\"  src=\"https:\/\/mariehebbelynck.com\/wp-content\/uploads\/2023\/09\/IMG_8717.jpeg\" alt=\"\" class=\"wp-image-668\" srcset=\"https:\/\/mariehebbelynck.com\/wp-content\/uploads\/2023\/09\/IMG_8717.jpeg 720w, https:\/\/mariehebbelynck.com\/wp-content\/uploads\/2023\/09\/IMG_8717-300x300.jpeg 300w, https:\/\/mariehebbelynck.com\/wp-content\/uploads\/2023\/09\/IMG_8717-150x150.jpeg 150w\" sizes=\"(max-width: 720px) 100vw, 720px\" \/><\/figure>\n\n\n\n<figure class=\"wp-block-image size-large\"><img decoding=\"async\" loading=\"lazy\" width=\"720\" height=\"720\" data-id=\"661\"  src=\"https:\/\/mariehebbelynck.com\/wp-content\/uploads\/2023\/09\/IMG_8716.jpeg\" alt=\"\" class=\"wp-image-661\" srcset=\"https:\/\/mariehebbelynck.com\/wp-content\/uploads\/2023\/09\/IMG_8716.jpeg 720w, https:\/\/mariehebbelynck.com\/wp-content\/uploads\/2023\/09\/IMG_8716-300x300.jpeg 300w, https:\/\/mariehebbelynck.com\/wp-content\/uploads\/2023\/09\/IMG_8716-150x150.jpeg 150w\" sizes=\"(max-width: 720px) 100vw, 720px\" \/><\/figure>\n\n\n\n<figure class=\"wp-block-image size-large\"><img decoding=\"async\" loading=\"lazy\" width=\"720\" height=\"720\" data-id=\"662\"  src=\"https:\/\/mariehebbelynck.com\/wp-content\/uploads\/2023\/09\/IMG_8715.jpeg\" alt=\"\" class=\"wp-image-662\" srcset=\"https:\/\/mariehebbelynck.com\/wp-content\/uploads\/2023\/09\/IMG_8715.jpeg 720w, https:\/\/mariehebbelynck.com\/wp-content\/uploads\/2023\/09\/IMG_8715-300x300.jpeg 300w, https:\/\/mariehebbelynck.com\/wp-content\/uploads\/2023\/09\/IMG_8715-150x150.jpeg 150w\" sizes=\"(max-width: 720px) 100vw, 720px\" \/><\/figure>\n\n\n\n<figure class=\"wp-block-image size-large\"><img decoding=\"async\" loading=\"lazy\" width=\"640\" height=\"640\" data-id=\"667\"  src=\"https:\/\/mariehebbelynck.com\/wp-content\/uploads\/2023\/09\/IMG_8714.jpeg\" alt=\"\" class=\"wp-image-667\" srcset=\"https:\/\/mariehebbelynck.com\/wp-content\/uploads\/2023\/09\/IMG_8714.jpeg 640w, https:\/\/mariehebbelynck.com\/wp-content\/uploads\/2023\/09\/IMG_8714-300x300.jpeg 300w, https:\/\/mariehebbelynck.com\/wp-content\/uploads\/2023\/09\/IMG_8714-150x150.jpeg 150w\" sizes=\"(max-width: 640px) 100vw, 640px\" \/><\/figure>\n\n\n\n<figure class=\"wp-block-image size-large\"><img decoding=\"async\" loading=\"lazy\" width=\"960\" height=\"960\" data-id=\"669\"  src=\"https:\/\/mariehebbelynck.com\/wp-content\/uploads\/2023\/09\/IMG_8709.jpeg\" alt=\"\" class=\"wp-image-669\" srcset=\"https:\/\/mariehebbelynck.com\/wp-content\/uploads\/2023\/09\/IMG_8709.jpeg 960w, https:\/\/mariehebbelynck.com\/wp-content\/uploads\/2023\/09\/IMG_8709-300x300.jpeg 300w, https:\/\/mariehebbelynck.com\/wp-content\/uploads\/2023\/09\/IMG_8709-150x150.jpeg 150w, https:\/\/mariehebbelynck.com\/wp-content\/uploads\/2023\/09\/IMG_8709-768x768.jpeg 768w\" sizes=\"(max-width: 960px) 100vw, 960px\" \/><\/figure>\n<\/figure>\n\n\n\n<hr class=\"wp-block-separator has-alpha-channel-opacity is-style-wide\"\/>\n\n\n\n<div style=\"height:100px\" aria-hidden=\"true\" class=\"wp-block-spacer\"><\/div>\n\n\n\n<div class=\"wp-block-media-text alignwide is-stacked-on-mobile\" style=\"grid-template-columns:37% auto\"><figure class=\"wp-block-media-text__media\"><img decoding=\"async\" loading=\"lazy\" width=\"500\" height=\"500\" src=\"https:\/\/mariehebbelynck.com\/wp-content\/uploads\/2023\/07\/6C5D146C-8C76-4562-92EA-C819580937D9.png\" alt=\"\" class=\"wp-image-325 size-full\" srcset=\"https:\/\/mariehebbelynck.com\/wp-content\/uploads\/2023\/07\/6C5D146C-8C76-4562-92EA-C819580937D9.png 500w, https:\/\/mariehebbelynck.com\/wp-content\/uploads\/2023\/07\/6C5D146C-8C76-4562-92EA-C819580937D9-300x300.png 300w, https:\/\/mariehebbelynck.com\/wp-content\/uploads\/2023\/07\/6C5D146C-8C76-4562-92EA-C819580937D9-150x150.png 150w\" sizes=\"(max-width: 500px) 100vw, 500px\" \/><\/figure><div class=\"wp-block-media-text__content\">\n<p><\/p>\n\n\n\n<ul>\n<li>Espace sc\u00e9nique r\u00e9duit<\/li>\n\n\n\n<li>Prise \u00e9lectrique \u00e0 proximit\u00e9 de l\u2019espace de jeu<\/li>\n\n\n\n<li>Autonome son et lumi\u00e8re (option)<\/li>\n\n\n\n<li>Jauge r\u00e9duite : environ 25 enfants<\/li>\n\n\n\n<li>Temps d\u2019installation: 1 heure<\/li>\n\n\n\n<li>Pr\u00e9voir des tapis\/coussin et assises adapt\u00e9es aux enfants<\/li>\n\n\n\n<li>Possibilit\u00e9 de jouer ce spectacle \u00e0 la cr\u00e8che, en m\u00e9diath\u00e8que : merci de pr\u00e9voir un espa\u00e7a adapt\u00e9<\/li>\n\n\n\n<li>Le noir n\u2019est pas obligatoire<\/li>\n<\/ul>\n<\/div><\/div>\n","protected":false},"excerpt":{"rendered":"<p>C\u2019est quoi ? Comme chaque matin, le Grand Cerf prend son petit-d\u00e9jeuner tranquillement install\u00e9 \u00e0 la fen\u00eatre de sa maison. Quand tout \u00e0 coup, il [&hellip;]<\/p>\n","protected":false},"author":1,"featured_media":0,"parent":0,"menu_order":0,"comment_status":"closed","ping_status":"closed","template":"","meta":{"_mi_skip_tracking":false,"_monsterinsights_sitenote_active":false,"_monsterinsights_sitenote_note":"","_monsterinsights_sitenote_category":0},"aioseo_notices":[],"_links":{"self":[{"href":"https:\/\/mariehebbelynck.com\/index.php?rest_route=\/wp\/v2\/pages\/274"}],"collection":[{"href":"https:\/\/mariehebbelynck.com\/index.php?rest_route=\/wp\/v2\/pages"}],"about":[{"href":"https:\/\/mariehebbelynck.com\/index.php?rest_route=\/wp\/v2\/types\/page"}],"author":[{"embeddable":true,"href":"https:\/\/mariehebbelynck.com\/index.php?rest_route=\/wp\/v2\/users\/1"}],"replies":[{"embeddable":true,"href":"https:\/\/mariehebbelynck.com\/index.php?rest_route=%2Fwp%2Fv2%2Fcomments&post=274"}],"version-history":[{"count":22,"href":"https:\/\/mariehebbelynck.com\/index.php?rest_route=\/wp\/v2\/pages\/274\/revisions"}],"predecessor-version":[{"id":671,"href":"https:\/\/mariehebbelynck.com\/index.php?rest_route=\/wp\/v2\/pages\/274\/revisions\/671"}],"wp:attachment":[{"href":"https:\/\/mariehebbelynck.com\/index.php?rest_route=%2Fwp%2Fv2%2Fmedia&parent=274"}],"curies":[{"name":"wp","href":"https:\/\/api.w.org\/{rel}","templated":true}]}}