{"id":282,"date":"2023-06-11T19:17:33","date_gmt":"2023-06-11T17:17:33","guid":{"rendered":"https:\/\/mariehebbelynck.com\/?page_id=282"},"modified":"2023-09-24T10:01:22","modified_gmt":"2023-09-24T08:01:22","slug":"sieste-musicale","status":"publish","type":"page","link":"https:\/\/mariehebbelynck.com\/?page_id=282","title":{"rendered":"Sieste musicale"},"content":{"rendered":"<div class=\"wp-block-image\">\n<figure class=\"aligncenter size-large\"><img decoding=\"async\" loading=\"lazy\" width=\"724\" height=\"1024\" src=\"http:\/\/mariehebbelynck.com\/wp-content\/uploads\/2023\/05\/5343A6D4-77A4-4B02-A5B4-DD07D14B4053-724x1024.jpeg\" alt=\"\" class=\"wp-image-171\" srcset=\"https:\/\/mariehebbelynck.com\/wp-content\/uploads\/2023\/05\/5343A6D4-77A4-4B02-A5B4-DD07D14B4053-724x1024.jpeg 724w, https:\/\/mariehebbelynck.com\/wp-content\/uploads\/2023\/05\/5343A6D4-77A4-4B02-A5B4-DD07D14B4053-212x300.jpeg 212w, https:\/\/mariehebbelynck.com\/wp-content\/uploads\/2023\/05\/5343A6D4-77A4-4B02-A5B4-DD07D14B4053-768x1086.jpeg 768w, https:\/\/mariehebbelynck.com\/wp-content\/uploads\/2023\/05\/5343A6D4-77A4-4B02-A5B4-DD07D14B4053-1086x1536.jpeg 1086w, https:\/\/mariehebbelynck.com\/wp-content\/uploads\/2023\/05\/5343A6D4-77A4-4B02-A5B4-DD07D14B4053-1448x2048.jpeg 1448w, https:\/\/mariehebbelynck.com\/wp-content\/uploads\/2023\/05\/5343A6D4-77A4-4B02-A5B4-DD07D14B4053-scaled.jpeg 1810w\" sizes=\"(max-width: 724px) 100vw, 724px\" \/><\/figure><\/div>\n\n\n<div style=\"height:100px\" aria-hidden=\"true\" class=\"wp-block-spacer\"><\/div>\n\n\n\n<div class=\"wp-block-columns alignwide is-layout-flex wp-container-7\" style=\"margin-bottom:0\">\n<div class=\"wp-block-column has-text-color has-background has-link-color wp-elements-01a34464759dc28295b579cc77512b36 is-layout-flow\" style=\"color:#000000;background-color:#f7e0ad;padding-top:2em;padding-right:2em;padding-bottom:2em;padding-left:2em\">\n<h2 class=\"wp-block-heading\" id=\"single\" style=\"font-size:40px\">C\u2019est quoi?<\/h2>\n\n\n\n<hr class=\"wp-block-separator has-text-color has-css-opacity has-background is-style-wide\" style=\"background-color:#000000;color:#000000\"\/>\n\n\n\n<p>Un moment musical en toute simplicit\u00e9. <\/p>\n\n\n\n<ul class=\"has-normal-font-size\">\n<li><\/li>\n<\/ul>\n\n\n\n<div class=\"wp-block-buttons alignfull is-horizontal is-content-justification-center is-layout-flex wp-container-1\"><\/div>\n<\/div>\n\n\n\n<div class=\"wp-block-column has-text-color has-background has-link-color wp-elements-7c349c03f08532ee422aed1b4747e88c is-layout-flow\" style=\"color:#000000;background-color:#8dd2fc66;padding-top:2em;padding-right:2em;padding-bottom:2em;padding-left:2em\">\n<h2 class=\"wp-block-heading\" id=\"family\" style=\"font-size:40px\">Comment?<\/h2>\n\n\n\n<hr class=\"wp-block-separator has-css-opacity is-style-wide\"\/>\n\n\n\n<p>Dans ce voyage, le public est confortablement install\u00e9 autour des musiciens, sur des tapis et coussins moelleux. <\/p>\n\n\n\n<ul class=\"has-normal-font-size\">\n<li><\/li>\n<\/ul>\n\n\n\n<div class=\"wp-block-buttons alignfull is-horizontal is-content-justification-center is-layout-flex wp-container-3\"><\/div>\n<\/div>\n\n\n\n<div class=\"wp-block-column has-text-color has-background has-link-color wp-elements-9aa0293de3914ab6b272715c53c394e3 is-layout-flow\" style=\"color:#000000;background-color:#fcc6005c;padding-top:2em;padding-right:2em;padding-bottom:2em;padding-left:2em\">\n<h2 class=\"wp-block-heading\" id=\"patron\" style=\"font-size:40px\"><strong>Pour<\/strong> qui?<\/h2>\n\n\n\n<hr class=\"wp-block-separator has-css-opacity is-style-wide\"\/>\n\n\n\n<p>Plusieurs formules sont propos\u00e9es selon l\u2019\u00e2ge du public<\/p>\n\n\n\n<ul class=\"has-normal-font-size\">\n<li>Pour les 0\/4 ans<\/li>\n\n\n\n<li>Pour les enfants d\u00e8s 5 ans<\/li>\n\n\n\n<li>Pour les ado\/adultes<\/li>\n<\/ul>\n\n\n\n<div class=\"wp-block-buttons alignfull is-horizontal is-content-justification-center is-layout-flex wp-container-5\"><\/div>\n<\/div>\n<\/div>\n\n\n\n<div style=\"height:100px\" aria-hidden=\"true\" class=\"wp-block-spacer\"><\/div>\n\n\n\n<figure class=\"wp-block-gallery alignwide has-nested-images columns-default is-cropped wp-block-gallery-8 is-layout-flex\">\n<figure class=\"wp-block-image size-large\"><img decoding=\"async\" loading=\"lazy\" width=\"569\" height=\"1024\" data-id=\"759\"  src=\"https:\/\/mariehebbelynck.com\/wp-content\/uploads\/2023\/09\/IMG_8749-569x1024.jpeg\" alt=\"\" class=\"wp-image-759\" srcset=\"https:\/\/mariehebbelynck.com\/wp-content\/uploads\/2023\/09\/IMG_8749-569x1024.jpeg 569w, https:\/\/mariehebbelynck.com\/wp-content\/uploads\/2023\/09\/IMG_8749-167x300.jpeg 167w, https:\/\/mariehebbelynck.com\/wp-content\/uploads\/2023\/09\/IMG_8749-768x1382.jpeg 768w, https:\/\/mariehebbelynck.com\/wp-content\/uploads\/2023\/09\/IMG_8749-854x1536.jpeg 854w, https:\/\/mariehebbelynck.com\/wp-content\/uploads\/2023\/09\/IMG_8749.jpeg 1080w\" sizes=\"(max-width: 569px) 100vw, 569px\" \/><\/figure>\n\n\n\n<figure class=\"wp-block-image size-full\"><img decoding=\"async\" loading=\"lazy\" width=\"893\" height=\"893\" data-id=\"762\"  src=\"https:\/\/mariehebbelynck.com\/wp-content\/uploads\/2023\/09\/IMG_8666-1.jpeg\" alt=\"\" class=\"wp-image-762\" srcset=\"https:\/\/mariehebbelynck.com\/wp-content\/uploads\/2023\/09\/IMG_8666-1.jpeg 893w, https:\/\/mariehebbelynck.com\/wp-content\/uploads\/2023\/09\/IMG_8666-1-300x300.jpeg 300w, https:\/\/mariehebbelynck.com\/wp-content\/uploads\/2023\/09\/IMG_8666-1-150x150.jpeg 150w, https:\/\/mariehebbelynck.com\/wp-content\/uploads\/2023\/09\/IMG_8666-1-768x768.jpeg 768w\" sizes=\"(max-width: 893px) 100vw, 893px\" \/><\/figure>\n\n\n\n<figure class=\"wp-block-image size-large\"><img decoding=\"async\" loading=\"lazy\" width=\"1024\" height=\"1024\" data-id=\"615\"  src=\"http:\/\/mariehebbelynck.com\/wp-content\/uploads\/2023\/05\/cropped-cropped-661613F7-9CE7-40DD-A834-141BA4F169E4-scaled-1-1-1024x1024.jpeg\" alt=\"\" class=\"wp-image-615\" srcset=\"https:\/\/mariehebbelynck.com\/wp-content\/uploads\/2023\/05\/cropped-cropped-661613F7-9CE7-40DD-A834-141BA4F169E4-scaled-1-1-1024x1024.jpeg 1024w, https:\/\/mariehebbelynck.com\/wp-content\/uploads\/2023\/05\/cropped-cropped-661613F7-9CE7-40DD-A834-141BA4F169E4-scaled-1-1-300x300.jpeg 300w, https:\/\/mariehebbelynck.com\/wp-content\/uploads\/2023\/05\/cropped-cropped-661613F7-9CE7-40DD-A834-141BA4F169E4-scaled-1-1-150x150.jpeg 150w, https:\/\/mariehebbelynck.com\/wp-content\/uploads\/2023\/05\/cropped-cropped-661613F7-9CE7-40DD-A834-141BA4F169E4-scaled-1-1-768x768.jpeg 768w, https:\/\/mariehebbelynck.com\/wp-content\/uploads\/2023\/05\/cropped-cropped-661613F7-9CE7-40DD-A834-141BA4F169E4-scaled-1-1-1536x1536.jpeg 1536w, https:\/\/mariehebbelynck.com\/wp-content\/uploads\/2023\/05\/cropped-cropped-661613F7-9CE7-40DD-A834-141BA4F169E4-scaled-1-1.jpeg 1707w\" sizes=\"(max-width: 1024px) 100vw, 1024px\" \/><\/figure>\n<\/figure>\n\n\n\n<hr class=\"wp-block-separator has-alpha-channel-opacity is-style-wide\"\/>\n\n\n\n<div class=\"wp-block-columns is-layout-flex wp-container-12\">\n<div class=\"wp-block-column is-layout-flow\"><div class=\"wp-block-image\">\n<figure class=\"aligncenter size-full\"><img decoding=\"async\" loading=\"lazy\" width=\"500\" height=\"500\" src=\"https:\/\/mariehebbelynck.com\/wp-content\/uploads\/2023\/09\/IMG_8638.png\" alt=\"\" class=\"wp-image-373\" srcset=\"https:\/\/mariehebbelynck.com\/wp-content\/uploads\/2023\/09\/IMG_8638.png 500w, https:\/\/mariehebbelynck.com\/wp-content\/uploads\/2023\/09\/IMG_8638-300x300.png 300w, https:\/\/mariehebbelynck.com\/wp-content\/uploads\/2023\/09\/IMG_8638-150x150.png 150w\" sizes=\"(max-width: 500px) 100vw, 500px\" \/><\/figure><\/div><\/div>\n\n\n\n<div class=\"wp-block-column is-vertically-aligned-center is-layout-flow\">\n<ul>\n<li>Espace sc\u00e9nique r\u00e9duit<\/li>\n\n\n\n<li>Autonomie son<\/li>\n\n\n\n<li>Jauge r\u00e9duite, environ 25 personnes<\/li>\n\n\n\n<li>Temps d\u2019installation: 1 heure<\/li>\n\n\n\n<li>Pr\u00e9voir tapis<\/li>\n\n\n\n<li>Pas besoin de prise \u00e9lectrique <\/li>\n\n\n\n<li>Possibilit\u00e9 de jouer ce spectacle \u00e0 la m\u00e9diath\u00e8que, \u00e0 l\u2019\u00e9cole<\/li>\n\n\n\n<li>La p\u00e9nombre est souhaitable<\/li>\n<\/ul>\n<\/div>\n<\/div>\n","protected":false},"excerpt":{"rendered":"<p>C\u2019est quoi? Un moment musical en toute simplicit\u00e9. Comment? Dans ce voyage, le public est confortablement install\u00e9 autour des musiciens, sur des tapis et coussins [&hellip;]<\/p>\n","protected":false},"author":1,"featured_media":0,"parent":0,"menu_order":0,"comment_status":"closed","ping_status":"closed","template":"","meta":{"_mi_skip_tracking":false,"_monsterinsights_sitenote_active":false,"_monsterinsights_sitenote_note":"","_monsterinsights_sitenote_category":0},"aioseo_notices":[],"_links":{"self":[{"href":"https:\/\/mariehebbelynck.com\/index.php?rest_route=\/wp\/v2\/pages\/282"}],"collection":[{"href":"https:\/\/mariehebbelynck.com\/index.php?rest_route=\/wp\/v2\/pages"}],"about":[{"href":"https:\/\/mariehebbelynck.com\/index.php?rest_route=\/wp\/v2\/types\/page"}],"author":[{"embeddable":true,"href":"https:\/\/mariehebbelynck.com\/index.php?rest_route=\/wp\/v2\/users\/1"}],"replies":[{"embeddable":true,"href":"https:\/\/mariehebbelynck.com\/index.php?rest_route=%2Fwp%2Fv2%2Fcomments&post=282"}],"version-history":[{"count":10,"href":"https:\/\/mariehebbelynck.com\/index.php?rest_route=\/wp\/v2\/pages\/282\/revisions"}],"predecessor-version":[{"id":763,"href":"https:\/\/mariehebbelynck.com\/index.php?rest_route=\/wp\/v2\/pages\/282\/revisions\/763"}],"wp:attachment":[{"href":"https:\/\/mariehebbelynck.com\/index.php?rest_route=%2Fwp%2Fv2%2Fmedia&parent=282"}],"curies":[{"name":"wp","href":"https:\/\/api.w.org\/{rel}","templated":true}]}}