{"id":285,"date":"2023-06-11T19:18:45","date_gmt":"2023-06-11T17:18:45","guid":{"rendered":"https:\/\/mariehebbelynck.com\/?page_id=285"},"modified":"2023-09-25T10:24:48","modified_gmt":"2023-09-25T08:24:48","slug":"les-louperies-cie","status":"publish","type":"page","link":"https:\/\/mariehebbelynck.com\/?page_id=285","title":{"rendered":"Les Louperies &#038; Cie"},"content":{"rendered":"<div class=\"wp-block-image\">\n<figure class=\"aligncenter size-large\"><img decoding=\"async\" loading=\"lazy\" width=\"724\" height=\"1024\" src=\"http:\/\/mariehebbelynck.com\/wp-content\/uploads\/2023\/06\/511D85D8-818B-43D3-9F86-728285BEF0B3-724x1024.png\" alt=\"\" class=\"wp-image-240\" srcset=\"https:\/\/mariehebbelynck.com\/wp-content\/uploads\/2023\/06\/511D85D8-818B-43D3-9F86-728285BEF0B3-724x1024.png 724w, https:\/\/mariehebbelynck.com\/wp-content\/uploads\/2023\/06\/511D85D8-818B-43D3-9F86-728285BEF0B3-212x300.png 212w, https:\/\/mariehebbelynck.com\/wp-content\/uploads\/2023\/06\/511D85D8-818B-43D3-9F86-728285BEF0B3-768x1086.png 768w, https:\/\/mariehebbelynck.com\/wp-content\/uploads\/2023\/06\/511D85D8-818B-43D3-9F86-728285BEF0B3-1086x1536.png 1086w, https:\/\/mariehebbelynck.com\/wp-content\/uploads\/2023\/06\/511D85D8-818B-43D3-9F86-728285BEF0B3-1448x2048.png 1448w\" sizes=\"(max-width: 724px) 100vw, 724px\" \/><\/figure><\/div>\n\n\n<div style=\"height:100px\" aria-hidden=\"true\" class=\"wp-block-spacer\"><\/div>\n\n\n\n<div class=\"wp-block-columns alignwide is-layout-flex wp-container-7\" style=\"margin-bottom:0\">\n<div class=\"wp-block-column has-text-color has-background has-link-color wp-elements-b15ced7059e7a26d41a74242f450845f is-layout-flow\" style=\"color:#000000;background-color:#bc7c30c4;padding-top:2em;padding-right:2em;padding-bottom:2em;padding-left:2em\">\n<h2 class=\"wp-block-heading\" id=\"single\" style=\"font-size:40px\">C\u2019est quoi?<\/h2>\n\n\n\n<figure class=\"wp-block-image size-full\"><img decoding=\"async\" loading=\"lazy\" width=\"960\" height=\"960\" src=\"http:\/\/mariehebbelynck.com\/wp-content\/uploads\/2023\/09\/IMG_8741.jpeg\" alt=\"\" class=\"wp-image-773\" srcset=\"https:\/\/mariehebbelynck.com\/wp-content\/uploads\/2023\/09\/IMG_8741.jpeg 960w, https:\/\/mariehebbelynck.com\/wp-content\/uploads\/2023\/09\/IMG_8741-300x300.jpeg 300w, https:\/\/mariehebbelynck.com\/wp-content\/uploads\/2023\/09\/IMG_8741-150x150.jpeg 150w, https:\/\/mariehebbelynck.com\/wp-content\/uploads\/2023\/09\/IMG_8741-768x768.jpeg 768w\" sizes=\"(max-width: 960px) 100vw, 960px\" \/><\/figure>\n\n\n\n<hr class=\"wp-block-separator has-text-color has-css-opacity has-background is-style-wide\" style=\"background-color:#000000;color:#000000\"\/>\n\n\n\n<p>D\u00e9couvrez des histoires de loups, mais pas que ! Coyote, ch\u00e8vre et m\u00eame lion sont au rendez-vous&#8230;Suivez Sib\u00eate, un loup d\u00e9sesp\u00e9r\u00e9ment b\u00eate, \u00e0 la recherche de quelque chose \u00e0 se mettre sous la dent. Partez en for\u00eat avec un petit gar\u00e7on pas comme les autres qui n&#8217;a pas peur des loups ! Enfin, presque&#8230; Voyagez dans des pays de r\u00eaves, &#8220;r\u00e9visez&#8221; votre anglais, appr\u00e9ciez les sp\u00e9cialit\u00e9s locales..<\/p>\n\n\n\n<div class=\"wp-block-buttons alignfull is-horizontal is-content-justification-center is-layout-flex wp-container-1\"><\/div>\n<\/div>\n\n\n\n<div class=\"wp-block-column has-text-color has-background has-link-color wp-elements-feb5b28b1d35a6d062f9f82fb5fdaee2 is-layout-flow\" style=\"color:#000000;background-color:#bc7c30c4;padding-top:2em;padding-right:2em;padding-bottom:2em;padding-left:2em\">\n<h2 class=\"wp-block-heading\" id=\"family\" style=\"font-size:40px\">Comment?<\/h2>\n\n\n\n<figure class=\"wp-block-image size-large\"><img decoding=\"async\" loading=\"lazy\" width=\"575\" height=\"1024\" src=\"http:\/\/mariehebbelynck.com\/wp-content\/uploads\/2023\/09\/IMG_2549-575x1024.jpeg\" alt=\"\" class=\"wp-image-383\" srcset=\"https:\/\/mariehebbelynck.com\/wp-content\/uploads\/2023\/09\/IMG_2549-575x1024.jpeg 575w, https:\/\/mariehebbelynck.com\/wp-content\/uploads\/2023\/09\/IMG_2549-169x300.jpeg 169w, https:\/\/mariehebbelynck.com\/wp-content\/uploads\/2023\/09\/IMG_2549-768x1367.jpeg 768w, https:\/\/mariehebbelynck.com\/wp-content\/uploads\/2023\/09\/IMG_2549-863x1536.jpeg 863w, https:\/\/mariehebbelynck.com\/wp-content\/uploads\/2023\/09\/IMG_2549-1151x2048.jpeg 1151w, https:\/\/mariehebbelynck.com\/wp-content\/uploads\/2023\/09\/IMG_2549-scaled.jpeg 1438w\" sizes=\"(max-width: 575px) 100vw, 575px\" \/><\/figure>\n\n\n\n<hr class=\"wp-block-separator has-css-opacity is-style-wide\"\/>\n\n\n\n<p class=\"has-normal-font-size\">Et profitez de la musique ! Chansons, accord\u00e9on, guitare et plein d&#8217;autres surprises rythmeront toutes ces histoires!<\/p>\n\n\n\n<div class=\"wp-block-buttons alignfull is-horizontal is-content-justification-center is-layout-flex wp-container-3\"><\/div>\n<\/div>\n\n\n\n<div class=\"wp-block-column has-text-color has-background has-link-color wp-elements-6d5516531feabe4aa8be0c6a433b872f is-layout-flow\" style=\"color:#000000;background-color:#bc7c30c4;padding-top:2em;padding-right:2em;padding-bottom:2em;padding-left:2em\">\n<h2 class=\"wp-block-heading\" id=\"patron\" style=\"font-size:40px\"><strong>P<\/strong>our qui?<\/h2>\n\n\n\n<figure class=\"wp-block-image size-large\"><img decoding=\"async\" loading=\"lazy\" width=\"1024\" height=\"768\" src=\"http:\/\/mariehebbelynck.com\/wp-content\/uploads\/2023\/09\/IMG_2541-1024x768.jpeg\" alt=\"\" class=\"wp-image-385\" srcset=\"https:\/\/mariehebbelynck.com\/wp-content\/uploads\/2023\/09\/IMG_2541-1024x768.jpeg 1024w, https:\/\/mariehebbelynck.com\/wp-content\/uploads\/2023\/09\/IMG_2541-300x225.jpeg 300w, https:\/\/mariehebbelynck.com\/wp-content\/uploads\/2023\/09\/IMG_2541-768x576.jpeg 768w, https:\/\/mariehebbelynck.com\/wp-content\/uploads\/2023\/09\/IMG_2541-1536x1152.jpeg 1536w, https:\/\/mariehebbelynck.com\/wp-content\/uploads\/2023\/09\/IMG_2541-2048x1536.jpeg 2048w\" sizes=\"(max-width: 1024px) 100vw, 1024px\" \/><\/figure>\n\n\n\n<hr class=\"wp-block-separator has-css-opacity is-style-wide\"\/>\n\n\n\n<ul class=\"has-normal-font-size\">\n<li>Public familial \u00e0 partir de 6 ans<\/li>\n\n\n\n<li>1 heure <\/li>\n<\/ul>\n\n\n\n<div class=\"wp-block-buttons alignfull is-horizontal is-content-justification-center is-layout-flex wp-container-5\"><\/div>\n<\/div>\n<\/div>\n\n\n\n<div style=\"height:100px\" aria-hidden=\"true\" class=\"wp-block-spacer\"><\/div>\n\n\n\n<figure class=\"wp-block-gallery has-nested-images columns-default is-cropped wp-block-gallery-8 is-layout-flex\">\n<figure class=\"wp-block-image size-large\"><img decoding=\"async\" loading=\"lazy\" width=\"1024\" height=\"575\" data-id=\"384\"  src=\"https:\/\/mariehebbelynck.com\/wp-content\/uploads\/2023\/09\/IMG_2546-1024x575.jpeg\" alt=\"\" class=\"wp-image-384\" srcset=\"https:\/\/mariehebbelynck.com\/wp-content\/uploads\/2023\/09\/IMG_2546-1024x575.jpeg 1024w, https:\/\/mariehebbelynck.com\/wp-content\/uploads\/2023\/09\/IMG_2546-300x169.jpeg 300w, https:\/\/mariehebbelynck.com\/wp-content\/uploads\/2023\/09\/IMG_2546-768x432.jpeg 768w, https:\/\/mariehebbelynck.com\/wp-content\/uploads\/2023\/09\/IMG_2546-1536x863.jpeg 1536w, https:\/\/mariehebbelynck.com\/wp-content\/uploads\/2023\/09\/IMG_2546-2048x1151.jpeg 2048w\" sizes=\"(max-width: 1024px) 100vw, 1024px\" \/><\/figure>\n\n\n\n<figure class=\"wp-block-image size-large\"><img decoding=\"async\" loading=\"lazy\" width=\"1024\" height=\"575\" data-id=\"381\"  src=\"https:\/\/mariehebbelynck.com\/wp-content\/uploads\/2023\/09\/IMG_2545-1024x575.jpeg\" alt=\"\" class=\"wp-image-381\" srcset=\"https:\/\/mariehebbelynck.com\/wp-content\/uploads\/2023\/09\/IMG_2545-1024x575.jpeg 1024w, https:\/\/mariehebbelynck.com\/wp-content\/uploads\/2023\/09\/IMG_2545-300x169.jpeg 300w, https:\/\/mariehebbelynck.com\/wp-content\/uploads\/2023\/09\/IMG_2545-768x432.jpeg 768w, https:\/\/mariehebbelynck.com\/wp-content\/uploads\/2023\/09\/IMG_2545-1536x863.jpeg 1536w, https:\/\/mariehebbelynck.com\/wp-content\/uploads\/2023\/09\/IMG_2545-2048x1151.jpeg 2048w\" sizes=\"(max-width: 1024px) 100vw, 1024px\" \/><\/figure>\n\n\n\n<figure class=\"wp-block-image size-large\"><img decoding=\"async\" loading=\"lazy\" width=\"1024\" height=\"768\" data-id=\"380\"  src=\"https:\/\/mariehebbelynck.com\/wp-content\/uploads\/2023\/09\/IMG_5857-1024x768.jpeg\" alt=\"\" class=\"wp-image-380\" srcset=\"https:\/\/mariehebbelynck.com\/wp-content\/uploads\/2023\/09\/IMG_5857-1024x768.jpeg 1024w, https:\/\/mariehebbelynck.com\/wp-content\/uploads\/2023\/09\/IMG_5857-300x225.jpeg 300w, https:\/\/mariehebbelynck.com\/wp-content\/uploads\/2023\/09\/IMG_5857-768x576.jpeg 768w, https:\/\/mariehebbelynck.com\/wp-content\/uploads\/2023\/09\/IMG_5857-1536x1152.jpeg 1536w, https:\/\/mariehebbelynck.com\/wp-content\/uploads\/2023\/09\/IMG_5857.jpeg 1792w\" sizes=\"(max-width: 1024px) 100vw, 1024px\" \/><\/figure>\n\n\n\n<figure class=\"wp-block-image size-large\"><img decoding=\"async\" loading=\"lazy\" width=\"1024\" height=\"768\" data-id=\"379\"  src=\"https:\/\/mariehebbelynck.com\/wp-content\/uploads\/2023\/09\/IMG_5858-1024x768.jpeg\" alt=\"\" class=\"wp-image-379\" srcset=\"https:\/\/mariehebbelynck.com\/wp-content\/uploads\/2023\/09\/IMG_5858-1024x768.jpeg 1024w, https:\/\/mariehebbelynck.com\/wp-content\/uploads\/2023\/09\/IMG_5858-300x225.jpeg 300w, https:\/\/mariehebbelynck.com\/wp-content\/uploads\/2023\/09\/IMG_5858-768x576.jpeg 768w, https:\/\/mariehebbelynck.com\/wp-content\/uploads\/2023\/09\/IMG_5858-1536x1152.jpeg 1536w, https:\/\/mariehebbelynck.com\/wp-content\/uploads\/2023\/09\/IMG_5858.jpeg 2024w\" sizes=\"(max-width: 1024px) 100vw, 1024px\" \/><\/figure>\n<\/figure>\n\n\n\n<div class=\"wp-block-columns is-layout-flex wp-container-11\">\n<div class=\"wp-block-column is-layout-flow\"><\/div>\n<\/div>\n\n\n\n<div class=\"wp-block-columns is-layout-flex wp-container-14\">\n<div class=\"wp-block-column is-layout-flow\"><\/div>\n\n\n\n<div class=\"wp-block-column is-layout-flow\"><\/div>\n<\/div>\n\n\n\n<div style=\"height:100px\" aria-hidden=\"true\" class=\"wp-block-spacer\"><\/div>\n\n\n\n<figure class=\"wp-block-embed is-type-video is-provider-youtube wp-block-embed-youtube wp-embed-aspect-16-9 wp-has-aspect-ratio\"><div class=\"wp-block-embed__wrapper\">\n<iframe loading=\"lazy\" title=\"teaser louperies et cie\" width=\"640\" height=\"360\" src=\"https:\/\/www.youtube.com\/embed\/KC3H23u-iRA?feature=oembed\" frameborder=\"0\" allow=\"accelerometer; autoplay; clipboard-write; encrypted-media; gyroscope; picture-in-picture; web-share\" allowfullscreen><\/iframe>\n<\/div><\/figure>\n\n\n\n<div style=\"height:100px\" aria-hidden=\"true\" class=\"wp-block-spacer\"><\/div>\n\n\n\n<figure class=\"wp-block-gallery has-nested-images columns-default is-cropped wp-block-gallery-15 is-layout-flex\">\n<figure class=\"wp-block-image size-large\"><img decoding=\"async\" loading=\"lazy\" width=\"1024\" height=\"768\" data-id=\"807\"  src=\"https:\/\/mariehebbelynck.com\/wp-content\/uploads\/2023\/09\/IMG_8838-1024x768.jpeg\" alt=\"\" class=\"wp-image-807\" srcset=\"https:\/\/mariehebbelynck.com\/wp-content\/uploads\/2023\/09\/IMG_8838-1024x768.jpeg 1024w, https:\/\/mariehebbelynck.com\/wp-content\/uploads\/2023\/09\/IMG_8838-300x225.jpeg 300w, https:\/\/mariehebbelynck.com\/wp-content\/uploads\/2023\/09\/IMG_8838-768x576.jpeg 768w, https:\/\/mariehebbelynck.com\/wp-content\/uploads\/2023\/09\/IMG_8838-1536x1152.jpeg 1536w, https:\/\/mariehebbelynck.com\/wp-content\/uploads\/2023\/09\/IMG_8838.jpeg 2048w\" sizes=\"(max-width: 1024px) 100vw, 1024px\" \/><\/figure>\n\n\n\n<figure class=\"wp-block-image size-large\"><img decoding=\"async\" loading=\"lazy\" width=\"1024\" height=\"764\" data-id=\"805\"  src=\"https:\/\/mariehebbelynck.com\/wp-content\/uploads\/2023\/09\/IMG_8837-1024x764.jpeg\" alt=\"\" class=\"wp-image-805\" srcset=\"https:\/\/mariehebbelynck.com\/wp-content\/uploads\/2023\/09\/IMG_8837-1024x764.jpeg 1024w, https:\/\/mariehebbelynck.com\/wp-content\/uploads\/2023\/09\/IMG_8837-300x224.jpeg 300w, https:\/\/mariehebbelynck.com\/wp-content\/uploads\/2023\/09\/IMG_8837-768x573.jpeg 768w, https:\/\/mariehebbelynck.com\/wp-content\/uploads\/2023\/09\/IMG_8837.jpeg 1080w\" sizes=\"(max-width: 1024px) 100vw, 1024px\" \/><\/figure>\n\n\n\n<figure class=\"wp-block-image size-large\"><img decoding=\"async\" loading=\"lazy\" width=\"1024\" height=\"768\" data-id=\"806\"  src=\"https:\/\/mariehebbelynck.com\/wp-content\/uploads\/2023\/09\/IMG_8829-1024x768.jpeg\" alt=\"\" class=\"wp-image-806\" srcset=\"https:\/\/mariehebbelynck.com\/wp-content\/uploads\/2023\/09\/IMG_8829-1024x768.jpeg 1024w, https:\/\/mariehebbelynck.com\/wp-content\/uploads\/2023\/09\/IMG_8829-300x225.jpeg 300w, https:\/\/mariehebbelynck.com\/wp-content\/uploads\/2023\/09\/IMG_8829-768x576.jpeg 768w, https:\/\/mariehebbelynck.com\/wp-content\/uploads\/2023\/09\/IMG_8829-1536x1152.jpeg 1536w, https:\/\/mariehebbelynck.com\/wp-content\/uploads\/2023\/09\/IMG_8829.jpeg 2048w\" sizes=\"(max-width: 1024px) 100vw, 1024px\" \/><\/figure>\n\n\n\n<figure class=\"wp-block-image size-large\"><img decoding=\"async\" loading=\"lazy\" width=\"1024\" height=\"768\" data-id=\"808\"  src=\"https:\/\/mariehebbelynck.com\/wp-content\/uploads\/2023\/09\/IMG_8830-1024x768.jpeg\" alt=\"\" class=\"wp-image-808\" srcset=\"https:\/\/mariehebbelynck.com\/wp-content\/uploads\/2023\/09\/IMG_8830-1024x768.jpeg 1024w, https:\/\/mariehebbelynck.com\/wp-content\/uploads\/2023\/09\/IMG_8830-300x225.jpeg 300w, https:\/\/mariehebbelynck.com\/wp-content\/uploads\/2023\/09\/IMG_8830-768x576.jpeg 768w, https:\/\/mariehebbelynck.com\/wp-content\/uploads\/2023\/09\/IMG_8830-1536x1152.jpeg 1536w, https:\/\/mariehebbelynck.com\/wp-content\/uploads\/2023\/09\/IMG_8830.jpeg 2048w\" sizes=\"(max-width: 1024px) 100vw, 1024px\" \/><\/figure>\n<\/figure>\n\n\n\n<hr class=\"wp-block-separator has-alpha-channel-opacity is-style-wide\"\/>\n\n\n\n<div class=\"wp-block-columns is-layout-flex wp-container-19\">\n<div class=\"wp-block-column is-layout-flow\"><div class=\"wp-block-image\">\n<figure class=\"aligncenter size-full\"><img decoding=\"async\" loading=\"lazy\" width=\"500\" height=\"500\" src=\"https:\/\/mariehebbelynck.com\/wp-content\/uploads\/2023\/09\/IMG_8640.png\" alt=\"\" class=\"wp-image-396\" srcset=\"https:\/\/mariehebbelynck.com\/wp-content\/uploads\/2023\/09\/IMG_8640.png 500w, https:\/\/mariehebbelynck.com\/wp-content\/uploads\/2023\/09\/IMG_8640-300x300.png 300w, https:\/\/mariehebbelynck.com\/wp-content\/uploads\/2023\/09\/IMG_8640-150x150.png 150w\" sizes=\"(max-width: 500px) 100vw, 500px\" \/><\/figure><\/div><\/div>\n\n\n\n<div class=\"wp-block-column is-vertically-aligned-center is-layout-flow\">\n<ul>\n<li>Ouverture 4&#215;3<\/li>\n\n\n\n<li>Autonomie d\u00e9cor\/son\/lumi\u00e8re<\/li>\n\n\n\n<li>Obscurit\u00e9 souhait\u00e9e<\/li>\n\n\n\n<li>Jauge environ 100<\/li>\n\n\n\n<li>Plusieurs s\u00e9ances possibles<\/li>\n<\/ul>\n<\/div>\n<\/div>\n","protected":false},"excerpt":{"rendered":"<p>C\u2019est quoi? D\u00e9couvrez des histoires de loups, mais pas que ! Coyote, ch\u00e8vre et m\u00eame lion sont au rendez-vous&#8230;Suivez Sib\u00eate, un loup d\u00e9sesp\u00e9r\u00e9ment b\u00eate, \u00e0 [&hellip;]<\/p>\n","protected":false},"author":1,"featured_media":0,"parent":0,"menu_order":0,"comment_status":"closed","ping_status":"closed","template":"","meta":{"_mi_skip_tracking":false,"_monsterinsights_sitenote_active":false,"_monsterinsights_sitenote_note":"","_monsterinsights_sitenote_category":0},"aioseo_notices":[],"_links":{"self":[{"href":"https:\/\/mariehebbelynck.com\/index.php?rest_route=\/wp\/v2\/pages\/285"}],"collection":[{"href":"https:\/\/mariehebbelynck.com\/index.php?rest_route=\/wp\/v2\/pages"}],"about":[{"href":"https:\/\/mariehebbelynck.com\/index.php?rest_route=\/wp\/v2\/types\/page"}],"author":[{"embeddable":true,"href":"https:\/\/mariehebbelynck.com\/index.php?rest_route=\/wp\/v2\/users\/1"}],"replies":[{"embeddable":true,"href":"https:\/\/mariehebbelynck.com\/index.php?rest_route=%2Fwp%2Fv2%2Fcomments&post=285"}],"version-history":[{"count":16,"href":"https:\/\/mariehebbelynck.com\/index.php?rest_route=\/wp\/v2\/pages\/285\/revisions"}],"predecessor-version":[{"id":812,"href":"https:\/\/mariehebbelynck.com\/index.php?rest_route=\/wp\/v2\/pages\/285\/revisions\/812"}],"wp:attachment":[{"href":"https:\/\/mariehebbelynck.com\/index.php?rest_route=%2Fwp%2Fv2%2Fmedia&parent=285"}],"curies":[{"name":"wp","href":"https:\/\/api.w.org\/{rel}","templated":true}]}}