{"id":294,"date":"2023-06-11T19:24:18","date_gmt":"2023-06-11T17:24:18","guid":{"rendered":"https:\/\/mariehebbelynck.com\/?page_id=294"},"modified":"2023-09-25T17:53:01","modified_gmt":"2023-09-25T15:53:01","slug":"le-tout-petit-bal-trad","status":"publish","type":"page","link":"https:\/\/mariehebbelynck.com\/?page_id=294","title":{"rendered":"Le tout-petit bal trad"},"content":{"rendered":"\n<p>Dans la continuit\u00e9 des ateliers propos\u00e9s autour de la danse traditionnelle, je propose un moment convivial sous forme de petit bal traditionnel. <\/p>\n\n\n\n<p>Bal traditionnel sp\u00e9cialement con\u00e7u pour les enfants. Adapt\u00e9 pour les petites jambes, avec des pas simplifi\u00e9s, et une difficult\u00e9 qui s\u2019adapte \u00e0 chaque \u00e2ge, ce tout petit bal fait suite \u00e0 une s\u00e9rie d\u2019ateliers pour apprendre les danses telles que la bourr\u00e9e, le cercle circassien ou la scottish.<\/p>\n\n\n\n<hr class=\"wp-block-separator has-alpha-channel-opacity\"\/>\n\n\n\n<p>Bal pour enfants<br>Pour une toute petite jauge&nbsp;<br>A partir de 5 ans \u2013 45 minutes<\/p>\n\n\n\n<p>Informations \u00e0 venir<\/p>\n","protected":false},"excerpt":{"rendered":"<p>Dans la continuit\u00e9 des ateliers propos\u00e9s autour de la danse traditionnelle, je propose un moment convivial sous forme de petit bal traditionnel. Bal traditionnel sp\u00e9cialement [&hellip;]<\/p>\n","protected":false},"author":1,"featured_media":0,"parent":0,"menu_order":0,"comment_status":"closed","ping_status":"closed","template":"","meta":{"_mi_skip_tracking":false,"_monsterinsights_sitenote_active":false,"_monsterinsights_sitenote_note":"","_monsterinsights_sitenote_category":0},"aioseo_notices":[],"_links":{"self":[{"href":"https:\/\/mariehebbelynck.com\/index.php?rest_route=\/wp\/v2\/pages\/294"}],"collection":[{"href":"https:\/\/mariehebbelynck.com\/index.php?rest_route=\/wp\/v2\/pages"}],"about":[{"href":"https:\/\/mariehebbelynck.com\/index.php?rest_route=\/wp\/v2\/types\/page"}],"author":[{"embeddable":true,"href":"https:\/\/mariehebbelynck.com\/index.php?rest_route=\/wp\/v2\/users\/1"}],"replies":[{"embeddable":true,"href":"https:\/\/mariehebbelynck.com\/index.php?rest_route=%2Fwp%2Fv2%2Fcomments&post=294"}],"version-history":[{"count":4,"href":"https:\/\/mariehebbelynck.com\/index.php?rest_route=\/wp\/v2\/pages\/294\/revisions"}],"predecessor-version":[{"id":928,"href":"https:\/\/mariehebbelynck.com\/index.php?rest_route=\/wp\/v2\/pages\/294\/revisions\/928"}],"wp:attachment":[{"href":"https:\/\/mariehebbelynck.com\/index.php?rest_route=%2Fwp%2Fv2%2Fmedia&parent=294"}],"curies":[{"name":"wp","href":"https:\/\/api.w.org\/{rel}","templated":true}]}}