{"id":446,"date":"2023-09-19T23:13:28","date_gmt":"2023-09-19T21:13:28","guid":{"rendered":"https:\/\/mariehebbelynck.com\/?page_id=446"},"modified":"2023-09-25T18:07:37","modified_gmt":"2023-09-25T16:07:37","slug":"petite-enfance","status":"publish","type":"page","link":"https:\/\/mariehebbelynck.com\/?page_id=446","title":{"rendered":"Petite enfance"},"content":{"rendered":"\n<div class=\"wp-block-cover alignfull is-light\" style=\"min-height:534px\"><span aria-hidden=\"true\" class=\"wp-block-cover__background has-background-dim-100 has-background-dim\" style=\"background-color:#ffffff\"><\/span><div class=\"wp-block-cover__inner-container\">\n<div class=\"wp-block-media-text alignwide is-stacked-on-mobile is-vertically-aligned-center is-image-fill\" style=\"grid-template-columns:52% auto\"><figure class=\"wp-block-media-text__media\" style=\"background-image:url(http:\/\/mariehebbelynck.com\/wp-content\/uploads\/2023\/05\/83CB9C8E-C8EB-46D9-8059-01076D793E7D-1024x683.jpeg);background-position:50% 50%\"><img decoding=\"async\" loading=\"lazy\" width=\"1024\" height=\"683\" src=\"http:\/\/mariehebbelynck.com\/wp-content\/uploads\/2023\/05\/83CB9C8E-C8EB-46D9-8059-01076D793E7D-1024x683.jpeg\" alt=\"\" class=\"wp-image-158 size-full\" srcset=\"https:\/\/mariehebbelynck.com\/wp-content\/uploads\/2023\/05\/83CB9C8E-C8EB-46D9-8059-01076D793E7D-1024x683.jpeg 1024w, https:\/\/mariehebbelynck.com\/wp-content\/uploads\/2023\/05\/83CB9C8E-C8EB-46D9-8059-01076D793E7D-300x200.jpeg 300w, https:\/\/mariehebbelynck.com\/wp-content\/uploads\/2023\/05\/83CB9C8E-C8EB-46D9-8059-01076D793E7D-768x512.jpeg 768w, https:\/\/mariehebbelynck.com\/wp-content\/uploads\/2023\/05\/83CB9C8E-C8EB-46D9-8059-01076D793E7D-1536x1024.jpeg 1536w, https:\/\/mariehebbelynck.com\/wp-content\/uploads\/2023\/05\/83CB9C8E-C8EB-46D9-8059-01076D793E7D-2048x1365.jpeg 2048w\" sizes=\"(max-width: 1024px) 100vw, 1024px\" \/><\/figure><div class=\"wp-block-media-text__content\">\n<h2 class=\"wp-block-heading has-text-color\" style=\"color:#000000;font-size:32px\"><strong>\u00c0 la cr\u00e8che, dans les relais petite enfance<\/strong>\u2026<\/h2>\n\n\n\n<p class=\"has-text-color\" style=\"color:#000000;font-size:17px\">Un moment un peu hors du temps avec les tout-petits. Le regard curieux et les oreilles grandes ouvertes, les enfants  plongent naturellement dans le monde musical que je leur propose. Les ma\u00eetres mots des s\u00e9ances: toucher, exp\u00e9rimenter, prendre son temps, \u00eatre \u00e9cout\u00e9 et accompagn\u00e9<\/p>\n\n\n\n<p class=\"has-background\" style=\"background-color:#c6d8ea\"><strong>Les s\u00e9ances en quelques mots<\/strong><br><br>Un accueil en douceur, qui se r\u00e9p\u00e9tera au fil des s\u00e9ances pour donner des points de rep\u00e8re aux enfants.<br><br>Un temps de d\u00e9couverte musicale autour d\u2019une th\u00e9matique simple, comme l\u2019eau ou la nuit par exemple. Comptines, jeux de doigts, album mis en son.<br><br>Un temps d\u2019exploration instrumentale autour d\u2019un instrumentarium adapt\u00e9 et souvent nouveau pour les enfant.<br><br>Un temps de jeu libre autour de petits instruments d\u2019\u00e9veil.<\/p>\n\n\n\n<div class=\"wp-block-buttons is-layout-flex\"><\/div>\n<\/div><\/div>\n\n\n\n<div style=\"height:100px\" aria-hidden=\"true\" class=\"wp-block-spacer\"><\/div>\n\n\n\n<figure class=\"wp-block-gallery has-nested-images columns-default is-cropped wp-block-gallery-2 is-layout-flex\">\n<figure class=\"wp-block-image size-large\"><img decoding=\"async\" loading=\"lazy\" width=\"720\" height=\"720\" src=\"https:\/\/mariehebbelynck.com\/wp-content\/uploads\/2023\/09\/IMG_8699.jpeg\" alt=\"\" class=\"wp-image-635\" srcset=\"https:\/\/mariehebbelynck.com\/wp-content\/uploads\/2023\/09\/IMG_8699.jpeg 720w, https:\/\/mariehebbelynck.com\/wp-content\/uploads\/2023\/09\/IMG_8699-300x300.jpeg 300w, https:\/\/mariehebbelynck.com\/wp-content\/uploads\/2023\/09\/IMG_8699-150x150.jpeg 150w\" sizes=\"(max-width: 720px) 100vw, 720px\" \/><\/figure>\n\n\n\n<figure class=\"wp-block-image size-large\"><img decoding=\"async\" loading=\"lazy\" width=\"671\" height=\"671\" src=\"https:\/\/mariehebbelynck.com\/wp-content\/uploads\/2023\/09\/IMG_8696.jpeg\" alt=\"\" class=\"wp-image-634\" srcset=\"https:\/\/mariehebbelynck.com\/wp-content\/uploads\/2023\/09\/IMG_8696.jpeg 671w, https:\/\/mariehebbelynck.com\/wp-content\/uploads\/2023\/09\/IMG_8696-300x300.jpeg 300w, https:\/\/mariehebbelynck.com\/wp-content\/uploads\/2023\/09\/IMG_8696-150x150.jpeg 150w\" sizes=\"(max-width: 671px) 100vw, 671px\" \/><\/figure>\n\n\n\n<figure class=\"wp-block-image size-large\"><img decoding=\"async\" loading=\"lazy\" width=\"738\" height=\"738\" src=\"https:\/\/mariehebbelynck.com\/wp-content\/uploads\/2023\/09\/IMG_8694.jpeg\" alt=\"\" class=\"wp-image-636\" srcset=\"https:\/\/mariehebbelynck.com\/wp-content\/uploads\/2023\/09\/IMG_8694.jpeg 738w, https:\/\/mariehebbelynck.com\/wp-content\/uploads\/2023\/09\/IMG_8694-300x300.jpeg 300w, https:\/\/mariehebbelynck.com\/wp-content\/uploads\/2023\/09\/IMG_8694-150x150.jpeg 150w\" sizes=\"(max-width: 738px) 100vw, 738px\" \/><\/figure>\n\n\n\n<figure class=\"wp-block-image size-large\"><img decoding=\"async\" loading=\"lazy\" width=\"960\" height=\"960\" src=\"https:\/\/mariehebbelynck.com\/wp-content\/uploads\/2023\/09\/IMG_8677.jpeg\" alt=\"\" class=\"wp-image-633\" srcset=\"https:\/\/mariehebbelynck.com\/wp-content\/uploads\/2023\/09\/IMG_8677.jpeg 960w, https:\/\/mariehebbelynck.com\/wp-content\/uploads\/2023\/09\/IMG_8677-300x300.jpeg 300w, https:\/\/mariehebbelynck.com\/wp-content\/uploads\/2023\/09\/IMG_8677-150x150.jpeg 150w, https:\/\/mariehebbelynck.com\/wp-content\/uploads\/2023\/09\/IMG_8677-768x768.jpeg 768w\" sizes=\"(max-width: 960px) 100vw, 960px\" \/><\/figure>\n\n\n\n<figure class=\"wp-block-image size-large\"><img decoding=\"async\" loading=\"lazy\" width=\"960\" height=\"960\" src=\"https:\/\/mariehebbelynck.com\/wp-content\/uploads\/2023\/09\/IMG_8676.jpeg\" alt=\"\" class=\"wp-image-637\" srcset=\"https:\/\/mariehebbelynck.com\/wp-content\/uploads\/2023\/09\/IMG_8676.jpeg 960w, https:\/\/mariehebbelynck.com\/wp-content\/uploads\/2023\/09\/IMG_8676-300x300.jpeg 300w, https:\/\/mariehebbelynck.com\/wp-content\/uploads\/2023\/09\/IMG_8676-150x150.jpeg 150w, https:\/\/mariehebbelynck.com\/wp-content\/uploads\/2023\/09\/IMG_8676-768x768.jpeg 768w\" sizes=\"(max-width: 960px) 100vw, 960px\" \/><\/figure>\n\n\n\n<figure class=\"wp-block-image size-large\"><img decoding=\"async\" loading=\"lazy\" width=\"960\" height=\"960\" src=\"https:\/\/mariehebbelynck.com\/wp-content\/uploads\/2023\/09\/IMG_8675.jpeg\" alt=\"\" class=\"wp-image-639\" srcset=\"https:\/\/mariehebbelynck.com\/wp-content\/uploads\/2023\/09\/IMG_8675.jpeg 960w, https:\/\/mariehebbelynck.com\/wp-content\/uploads\/2023\/09\/IMG_8675-300x300.jpeg 300w, https:\/\/mariehebbelynck.com\/wp-content\/uploads\/2023\/09\/IMG_8675-150x150.jpeg 150w, https:\/\/mariehebbelynck.com\/wp-content\/uploads\/2023\/09\/IMG_8675-768x768.jpeg 768w\" sizes=\"(max-width: 960px) 100vw, 960px\" \/><\/figure>\n\n\n\n<figure class=\"wp-block-image size-large\"><img decoding=\"async\" loading=\"lazy\" width=\"1024\" height=\"788\" src=\"https:\/\/mariehebbelynck.com\/wp-content\/uploads\/2023\/09\/IMG_8659-1024x788.jpeg\" alt=\"\" class=\"wp-image-640\" srcset=\"https:\/\/mariehebbelynck.com\/wp-content\/uploads\/2023\/09\/IMG_8659-1024x788.jpeg 1024w, https:\/\/mariehebbelynck.com\/wp-content\/uploads\/2023\/09\/IMG_8659-300x231.jpeg 300w, https:\/\/mariehebbelynck.com\/wp-content\/uploads\/2023\/09\/IMG_8659-768x591.jpeg 768w, https:\/\/mariehebbelynck.com\/wp-content\/uploads\/2023\/09\/IMG_8659-1536x1181.jpeg 1536w, https:\/\/mariehebbelynck.com\/wp-content\/uploads\/2023\/09\/IMG_8659.jpeg 2048w\" sizes=\"(max-width: 1024px) 100vw, 1024px\" \/><\/figure>\n\n\n\n<figure class=\"wp-block-image size-large\"><img decoding=\"async\" loading=\"lazy\" width=\"959\" height=\"960\" src=\"https:\/\/mariehebbelynck.com\/wp-content\/uploads\/2023\/09\/IMG_8658-1.jpeg\" alt=\"\" class=\"wp-image-638\" srcset=\"https:\/\/mariehebbelynck.com\/wp-content\/uploads\/2023\/09\/IMG_8658-1.jpeg 959w, https:\/\/mariehebbelynck.com\/wp-content\/uploads\/2023\/09\/IMG_8658-1-300x300.jpeg 300w, https:\/\/mariehebbelynck.com\/wp-content\/uploads\/2023\/09\/IMG_8658-1-150x150.jpeg 150w, https:\/\/mariehebbelynck.com\/wp-content\/uploads\/2023\/09\/IMG_8658-1-768x769.jpeg 768w\" sizes=\"(max-width: 959px) 100vw, 959px\" \/><\/figure>\n\n\n\n<figure class=\"wp-block-image size-large\"><img decoding=\"async\" loading=\"lazy\" width=\"755\" height=\"1024\" src=\"https:\/\/mariehebbelynck.com\/wp-content\/uploads\/2023\/09\/IMG_8657-755x1024.jpeg\" alt=\"\" class=\"wp-image-642\" srcset=\"https:\/\/mariehebbelynck.com\/wp-content\/uploads\/2023\/09\/IMG_8657-755x1024.jpeg 755w, https:\/\/mariehebbelynck.com\/wp-content\/uploads\/2023\/09\/IMG_8657-221x300.jpeg 221w, https:\/\/mariehebbelynck.com\/wp-content\/uploads\/2023\/09\/IMG_8657-768x1042.jpeg 768w, https:\/\/mariehebbelynck.com\/wp-content\/uploads\/2023\/09\/IMG_8657-1132x1536.jpeg 1132w, https:\/\/mariehebbelynck.com\/wp-content\/uploads\/2023\/09\/IMG_8657.jpeg 1428w\" sizes=\"(max-width: 755px) 100vw, 755px\" \/><\/figure>\n\n\n\n<figure class=\"wp-block-image size-large\"><img decoding=\"async\" loading=\"lazy\" width=\"1024\" height=\"841\" src=\"https:\/\/mariehebbelynck.com\/wp-content\/uploads\/2023\/09\/IMG_8656-1-1024x841.jpeg\" alt=\"\" class=\"wp-image-641\" srcset=\"https:\/\/mariehebbelynck.com\/wp-content\/uploads\/2023\/09\/IMG_8656-1-1024x841.jpeg 1024w, https:\/\/mariehebbelynck.com\/wp-content\/uploads\/2023\/09\/IMG_8656-1-300x246.jpeg 300w, https:\/\/mariehebbelynck.com\/wp-content\/uploads\/2023\/09\/IMG_8656-1-768x631.jpeg 768w, https:\/\/mariehebbelynck.com\/wp-content\/uploads\/2023\/09\/IMG_8656-1.jpeg 1309w\" sizes=\"(max-width: 1024px) 100vw, 1024px\" \/><\/figure>\n<\/figure>\n<\/div><\/div>\n","protected":false},"excerpt":{"rendered":"","protected":false},"author":1,"featured_media":0,"parent":0,"menu_order":0,"comment_status":"closed","ping_status":"closed","template":"","meta":{"_mi_skip_tracking":false,"_monsterinsights_sitenote_active":false,"_monsterinsights_sitenote_note":"","_monsterinsights_sitenote_category":0},"aioseo_notices":[],"_links":{"self":[{"href":"https:\/\/mariehebbelynck.com\/index.php?rest_route=\/wp\/v2\/pages\/446"}],"collection":[{"href":"https:\/\/mariehebbelynck.com\/index.php?rest_route=\/wp\/v2\/pages"}],"about":[{"href":"https:\/\/mariehebbelynck.com\/index.php?rest_route=\/wp\/v2\/types\/page"}],"author":[{"embeddable":true,"href":"https:\/\/mariehebbelynck.com\/index.php?rest_route=\/wp\/v2\/users\/1"}],"replies":[{"embeddable":true,"href":"https:\/\/mariehebbelynck.com\/index.php?rest_route=%2Fwp%2Fv2%2Fcomments&post=446"}],"version-history":[{"count":8,"href":"https:\/\/mariehebbelynck.com\/index.php?rest_route=\/wp\/v2\/pages\/446\/revisions"}],"predecessor-version":[{"id":935,"href":"https:\/\/mariehebbelynck.com\/index.php?rest_route=\/wp\/v2\/pages\/446\/revisions\/935"}],"wp:attachment":[{"href":"https:\/\/mariehebbelynck.com\/index.php?rest_route=%2Fwp%2Fv2%2Fmedia&parent=446"}],"curies":[{"name":"wp","href":"https:\/\/api.w.org\/{rel}","templated":true}]}}