{"id":451,"date":"2023-09-19T23:15:50","date_gmt":"2023-09-19T21:15:50","guid":{"rendered":"https:\/\/mariehebbelynck.com\/?page_id=451"},"modified":"2024-06-25T18:53:05","modified_gmt":"2024-06-25T16:53:05","slug":"pour-les-seniors","status":"publish","type":"page","link":"https:\/\/mariehebbelynck.com\/?page_id=451","title":{"rendered":"Pour les s\u00e9niors"},"content":{"rendered":"\n<h2 class=\"wp-block-heading\">Ateliers pour les S\u00e9niors<\/h2>\n\n\n\n<p>Je propose des ateliers de musique pour les personnes \u00e2g\u00e9es, r\u00e9sidents en EHPAD ou Maison Marguerite. L\u2019atelier de musique est un moment privil\u00e9gi\u00e9 de convivialit\u00e9, de cr\u00e9ativit\u00e9 et d&#8217;apprentissage pour les r\u00e9sidents. C\u2019est une occasion unique de se retrouver autour de la musique, de chanter ensemble et de jouer de divers instruments.<\/p>\n\n\n\n<figure class=\"wp-block-gallery has-nested-images columns-default is-cropped wp-block-gallery-1 is-layout-flex\">\n<figure class=\"wp-block-image size-large\"><img decoding=\"async\" loading=\"lazy\" width=\"538\" height=\"538\" data-id=\"672\"  src=\"https:\/\/mariehebbelynck.com\/wp-content\/uploads\/2023\/09\/IMG_8737.jpeg\" alt=\"\" class=\"wp-image-672\" srcset=\"https:\/\/mariehebbelynck.com\/wp-content\/uploads\/2023\/09\/IMG_8737.jpeg 538w, https:\/\/mariehebbelynck.com\/wp-content\/uploads\/2023\/09\/IMG_8737-300x300.jpeg 300w, https:\/\/mariehebbelynck.com\/wp-content\/uploads\/2023\/09\/IMG_8737-150x150.jpeg 150w\" sizes=\"(max-width: 538px) 100vw, 538px\" \/><\/figure>\n\n\n\n<figure class=\"wp-block-image size-large\"><img decoding=\"async\" loading=\"lazy\" width=\"720\" height=\"720\" data-id=\"673\"  src=\"https:\/\/mariehebbelynck.com\/wp-content\/uploads\/2023\/09\/IMG_8736.jpeg\" alt=\"\" class=\"wp-image-673\" srcset=\"https:\/\/mariehebbelynck.com\/wp-content\/uploads\/2023\/09\/IMG_8736.jpeg 720w, https:\/\/mariehebbelynck.com\/wp-content\/uploads\/2023\/09\/IMG_8736-300x300.jpeg 300w, https:\/\/mariehebbelynck.com\/wp-content\/uploads\/2023\/09\/IMG_8736-150x150.jpeg 150w\" sizes=\"(max-width: 720px) 100vw, 720px\" \/><\/figure>\n\n\n\n<figure class=\"wp-block-image size-large\"><img decoding=\"async\" loading=\"lazy\" width=\"720\" height=\"720\" data-id=\"675\"  src=\"https:\/\/mariehebbelynck.com\/wp-content\/uploads\/2023\/09\/IMG_8735-1.jpeg\" alt=\"\" class=\"wp-image-675\" srcset=\"https:\/\/mariehebbelynck.com\/wp-content\/uploads\/2023\/09\/IMG_8735-1.jpeg 720w, https:\/\/mariehebbelynck.com\/wp-content\/uploads\/2023\/09\/IMG_8735-1-300x300.jpeg 300w, https:\/\/mariehebbelynck.com\/wp-content\/uploads\/2023\/09\/IMG_8735-1-150x150.jpeg 150w\" sizes=\"(max-width: 720px) 100vw, 720px\" \/><\/figure>\n\n\n\n<figure class=\"wp-block-image size-large\"><img decoding=\"async\" loading=\"lazy\" width=\"720\" height=\"720\" data-id=\"674\"  src=\"https:\/\/mariehebbelynck.com\/wp-content\/uploads\/2023\/09\/IMG_8734.jpeg\" alt=\"\" class=\"wp-image-674\" srcset=\"https:\/\/mariehebbelynck.com\/wp-content\/uploads\/2023\/09\/IMG_8734.jpeg 720w, https:\/\/mariehebbelynck.com\/wp-content\/uploads\/2023\/09\/IMG_8734-300x300.jpeg 300w, https:\/\/mariehebbelynck.com\/wp-content\/uploads\/2023\/09\/IMG_8734-150x150.jpeg 150w\" sizes=\"(max-width: 720px) 100vw, 720px\" \/><\/figure>\n\n\n\n<figure class=\"wp-block-image size-large\"><img decoding=\"async\" loading=\"lazy\" width=\"773\" height=\"773\" data-id=\"676\"  src=\"https:\/\/mariehebbelynck.com\/wp-content\/uploads\/2023\/09\/IMG_8733.jpeg\" alt=\"\" class=\"wp-image-676\" srcset=\"https:\/\/mariehebbelynck.com\/wp-content\/uploads\/2023\/09\/IMG_8733.jpeg 773w, https:\/\/mariehebbelynck.com\/wp-content\/uploads\/2023\/09\/IMG_8733-300x300.jpeg 300w, https:\/\/mariehebbelynck.com\/wp-content\/uploads\/2023\/09\/IMG_8733-150x150.jpeg 150w, https:\/\/mariehebbelynck.com\/wp-content\/uploads\/2023\/09\/IMG_8733-768x768.jpeg 768w\" sizes=\"(max-width: 773px) 100vw, 773px\" \/><\/figure>\n<\/figure>\n\n\n\n<p><\/p>\n\n\n\n<p>Ces ateliers s\u2019inscrivent \u00e9galement dans une d\u00e9marche p\u00e9dagogique visant \u00e0 :<\/p>\n\n\n\n<p>&#8211; Stimuler la M\u00e9moire: Le chant et la musique aident \u00e0 travailler la m\u00e9moire et la concentration, contribuant ainsi \u00e0 pr\u00e9server les facult\u00e9s cognitives.<\/p>\n\n\n\n<p>&#8211; D\u00e9velopper les Comp\u00e9tences Musicales : Les personnes \u00e2g\u00e9es apprennent de nouvelles chansons, d\u00e9couvrent des instruments originaux et perfectionnent leurs comp\u00e9tences dans un cadre bienveillant.<\/p>\n\n\n\n<p>&#8211; Renforcer l&#8217;Estime de Soi : Participer activement \u00e0 une activit\u00e9 musicale valorise chacun, renfor\u00e7ant ainsi la confiance en soi et le sentiment d&#8217;accomplissement.<\/p>\n\n\n\n<figure class=\"wp-block-gallery has-nested-images columns-default is-cropped wp-block-gallery-3 is-layout-flex\">\n<figure class=\"wp-block-image size-large\"><img decoding=\"async\" loading=\"lazy\" width=\"1024\" height=\"683\" data-id=\"682\"  src=\"https:\/\/mariehebbelynck.com\/wp-content\/uploads\/2023\/09\/IMG_8745-1024x683.jpeg\" alt=\"\" class=\"wp-image-682\" srcset=\"https:\/\/mariehebbelynck.com\/wp-content\/uploads\/2023\/09\/IMG_8745-1024x683.jpeg 1024w, https:\/\/mariehebbelynck.com\/wp-content\/uploads\/2023\/09\/IMG_8745-300x200.jpeg 300w, https:\/\/mariehebbelynck.com\/wp-content\/uploads\/2023\/09\/IMG_8745-768x512.jpeg 768w, https:\/\/mariehebbelynck.com\/wp-content\/uploads\/2023\/09\/IMG_8745-1536x1024.jpeg 1536w, https:\/\/mariehebbelynck.com\/wp-content\/uploads\/2023\/09\/IMG_8745-2048x1365.jpeg 2048w\" sizes=\"(max-width: 1024px) 100vw, 1024px\" \/><\/figure>\n\n\n\n<figure class=\"wp-block-image size-large\"><img decoding=\"async\" loading=\"lazy\" width=\"1024\" height=\"683\" data-id=\"680\"  src=\"https:\/\/mariehebbelynck.com\/wp-content\/uploads\/2023\/09\/IMG_8744-1024x683.jpeg\" alt=\"\" class=\"wp-image-680\" srcset=\"https:\/\/mariehebbelynck.com\/wp-content\/uploads\/2023\/09\/IMG_8744-1024x683.jpeg 1024w, https:\/\/mariehebbelynck.com\/wp-content\/uploads\/2023\/09\/IMG_8744-300x200.jpeg 300w, https:\/\/mariehebbelynck.com\/wp-content\/uploads\/2023\/09\/IMG_8744-768x512.jpeg 768w, https:\/\/mariehebbelynck.com\/wp-content\/uploads\/2023\/09\/IMG_8744-1536x1024.jpeg 1536w, https:\/\/mariehebbelynck.com\/wp-content\/uploads\/2023\/09\/IMG_8744-2048x1365.jpeg 2048w\" sizes=\"(max-width: 1024px) 100vw, 1024px\" \/><\/figure>\n\n\n\n<figure class=\"wp-block-image size-large\"><img decoding=\"async\" loading=\"lazy\" width=\"1024\" height=\"683\" data-id=\"681\"  src=\"https:\/\/mariehebbelynck.com\/wp-content\/uploads\/2023\/09\/IMG_8743-1024x683.jpeg\" alt=\"\" class=\"wp-image-681\" srcset=\"https:\/\/mariehebbelynck.com\/wp-content\/uploads\/2023\/09\/IMG_8743-1024x683.jpeg 1024w, https:\/\/mariehebbelynck.com\/wp-content\/uploads\/2023\/09\/IMG_8743-300x200.jpeg 300w, https:\/\/mariehebbelynck.com\/wp-content\/uploads\/2023\/09\/IMG_8743-768x512.jpeg 768w, https:\/\/mariehebbelynck.com\/wp-content\/uploads\/2023\/09\/IMG_8743-1536x1024.jpeg 1536w, https:\/\/mariehebbelynck.com\/wp-content\/uploads\/2023\/09\/IMG_8743-2048x1365.jpeg 2048w\" sizes=\"(max-width: 1024px) 100vw, 1024px\" \/><\/figure>\n<\/figure>\n\n\n\n<p><\/p>\n\n\n\n<p><strong>Projet Interg\u00e9n\u00e9rationnel :<\/strong><\/p>\n\n\n\n<p>Je propose \u00e9galement la possibilit\u00e9 de d\u00e9velopper un projet interg\u00e9n\u00e9rationnel avec des enfants, en partenariat avec des scolaires, la cr\u00e8che ou le RPE voisin. Ces rencontres musicales entre jeunes et a\u00een\u00e9s favorisent les \u00e9changes, l&#8217;apprentissage mutuel et la transmission des savoirs et des exp\u00e9riences. Les enfants apportent une \u00e9nergie nouvelle et les r\u00e9sidents partagent leur sagesse et leur v\u00e9cu, cr\u00e9ant ainsi un enrichissement r\u00e9ciproque.<\/p>\n\n\n\n<p>Ces temps d\u2019\u00e9change permettent de:<\/p>\n\n\n\n<p>&#8211; Stimuler la M\u00e9moire et la Cr\u00e9ativit\u00e9: La musique est un excellent moyen de stimuler la m\u00e9moire et d&#8217;encourager la cr\u00e9ativit\u00e9.<\/p>\n\n\n\n<p>&#8211; Renforcer les Liens Sociaux : Participez \u00e0 un moment de partage et de complicit\u00e9 avec les autres r\u00e9sidents et les enfants.<\/p>\n\n\n\n<p>&#8211; Se d\u00e9tendre et s\u2019amuser : Profitez d\u2019un moment de d\u00e9tente et de plaisir \u00e0 travers la musique.<\/p>\n\n\n\n<figure class=\"wp-block-gallery has-nested-images columns-default is-cropped wp-block-gallery-5 is-layout-flex\">\n<figure class=\"wp-block-image size-large\"><img decoding=\"async\" loading=\"lazy\" width=\"1024\" height=\"683\" data-id=\"169\"  src=\"https:\/\/mariehebbelynck.com\/wp-content\/uploads\/2023\/05\/1BF628FB-BD9E-4A73-B553-8C3EECA857FD-1024x683.jpeg\" alt=\"\" class=\"wp-image-169\" srcset=\"https:\/\/mariehebbelynck.com\/wp-content\/uploads\/2023\/05\/1BF628FB-BD9E-4A73-B553-8C3EECA857FD-1024x683.jpeg 1024w, https:\/\/mariehebbelynck.com\/wp-content\/uploads\/2023\/05\/1BF628FB-BD9E-4A73-B553-8C3EECA857FD-300x200.jpeg 300w, https:\/\/mariehebbelynck.com\/wp-content\/uploads\/2023\/05\/1BF628FB-BD9E-4A73-B553-8C3EECA857FD-768x512.jpeg 768w, https:\/\/mariehebbelynck.com\/wp-content\/uploads\/2023\/05\/1BF628FB-BD9E-4A73-B553-8C3EECA857FD-1536x1024.jpeg 1536w, https:\/\/mariehebbelynck.com\/wp-content\/uploads\/2023\/05\/1BF628FB-BD9E-4A73-B553-8C3EECA857FD-2048x1365.jpeg 2048w\" sizes=\"(max-width: 1024px) 100vw, 1024px\" \/><\/figure>\n\n\n\n<figure class=\"wp-block-image size-large\"><img decoding=\"async\" loading=\"lazy\" width=\"1024\" height=\"683\" data-id=\"168\"  src=\"https:\/\/mariehebbelynck.com\/wp-content\/uploads\/2023\/05\/7719A1CD-AE04-4184-82A9-AF471F74ECB5-1024x683.jpeg\" alt=\"\" class=\"wp-image-168\" srcset=\"https:\/\/mariehebbelynck.com\/wp-content\/uploads\/2023\/05\/7719A1CD-AE04-4184-82A9-AF471F74ECB5-1024x683.jpeg 1024w, https:\/\/mariehebbelynck.com\/wp-content\/uploads\/2023\/05\/7719A1CD-AE04-4184-82A9-AF471F74ECB5-300x200.jpeg 300w, https:\/\/mariehebbelynck.com\/wp-content\/uploads\/2023\/05\/7719A1CD-AE04-4184-82A9-AF471F74ECB5-768x512.jpeg 768w, https:\/\/mariehebbelynck.com\/wp-content\/uploads\/2023\/05\/7719A1CD-AE04-4184-82A9-AF471F74ECB5-1536x1024.jpeg 1536w, https:\/\/mariehebbelynck.com\/wp-content\/uploads\/2023\/05\/7719A1CD-AE04-4184-82A9-AF471F74ECB5-2048x1365.jpeg 2048w\" sizes=\"(max-width: 1024px) 100vw, 1024px\" \/><\/figure>\n\n\n\n<figure class=\"wp-block-image size-large\"><img decoding=\"async\" loading=\"lazy\" width=\"1024\" height=\"683\" data-id=\"167\"  src=\"https:\/\/mariehebbelynck.com\/wp-content\/uploads\/2023\/05\/0A6675FB-22A0-47BF-BC81-D15477970655-1024x683.jpeg\" alt=\"\" class=\"wp-image-167\" srcset=\"https:\/\/mariehebbelynck.com\/wp-content\/uploads\/2023\/05\/0A6675FB-22A0-47BF-BC81-D15477970655-1024x683.jpeg 1024w, https:\/\/mariehebbelynck.com\/wp-content\/uploads\/2023\/05\/0A6675FB-22A0-47BF-BC81-D15477970655-300x200.jpeg 300w, https:\/\/mariehebbelynck.com\/wp-content\/uploads\/2023\/05\/0A6675FB-22A0-47BF-BC81-D15477970655-768x512.jpeg 768w, https:\/\/mariehebbelynck.com\/wp-content\/uploads\/2023\/05\/0A6675FB-22A0-47BF-BC81-D15477970655-1536x1024.jpeg 1536w, https:\/\/mariehebbelynck.com\/wp-content\/uploads\/2023\/05\/0A6675FB-22A0-47BF-BC81-D15477970655-2048x1365.jpeg 2048w\" sizes=\"(max-width: 1024px) 100vw, 1024px\" \/><\/figure>\n<\/figure>\n\n\n\n<p><\/p>\n","protected":false},"excerpt":{"rendered":"<p>Ateliers pour les S\u00e9niors Je propose des ateliers de musique pour les personnes \u00e2g\u00e9es, r\u00e9sidents en EHPAD ou Maison Marguerite. L\u2019atelier de musique est un [&hellip;]<\/p>\n","protected":false},"author":1,"featured_media":0,"parent":0,"menu_order":0,"comment_status":"closed","ping_status":"closed","template":"","meta":{"_mi_skip_tracking":false,"_monsterinsights_sitenote_active":false,"_monsterinsights_sitenote_note":"","_monsterinsights_sitenote_category":0},"aioseo_notices":[],"_links":{"self":[{"href":"https:\/\/mariehebbelynck.com\/index.php?rest_route=\/wp\/v2\/pages\/451"}],"collection":[{"href":"https:\/\/mariehebbelynck.com\/index.php?rest_route=\/wp\/v2\/pages"}],"about":[{"href":"https:\/\/mariehebbelynck.com\/index.php?rest_route=\/wp\/v2\/types\/page"}],"author":[{"embeddable":true,"href":"https:\/\/mariehebbelynck.com\/index.php?rest_route=\/wp\/v2\/users\/1"}],"replies":[{"embeddable":true,"href":"https:\/\/mariehebbelynck.com\/index.php?rest_route=%2Fwp%2Fv2%2Fcomments&post=451"}],"version-history":[{"count":8,"href":"https:\/\/mariehebbelynck.com\/index.php?rest_route=\/wp\/v2\/pages\/451\/revisions"}],"predecessor-version":[{"id":993,"href":"https:\/\/mariehebbelynck.com\/index.php?rest_route=\/wp\/v2\/pages\/451\/revisions\/993"}],"wp:attachment":[{"href":"https:\/\/mariehebbelynck.com\/index.php?rest_route=%2Fwp%2Fv2%2Fmedia&parent=451"}],"curies":[{"name":"wp","href":"https:\/\/api.w.org\/{rel}","templated":true}]}}