{"id":764,"date":"2023-09-24T10:03:44","date_gmt":"2023-09-24T08:03:44","guid":{"rendered":"https:\/\/mariehebbelynck.com\/?page_id=764"},"modified":"2023-09-25T17:35:20","modified_gmt":"2023-09-25T15:35:20","slug":"formation-eveil","status":"publish","type":"page","link":"https:\/\/mariehebbelynck.com\/?page_id=764","title":{"rendered":"Formation Eveil"},"content":{"rendered":"\n<p>Je propose un formations de d\u00e9couverte de l\u2019\u00e9veil musical. Je peux intervenir dans votre structure.<\/p>\n\n\n\n<h2 class=\"wp-block-heading\">Contenu<\/h2>\n\n\n\n<ul>\n<li>Apprenez \u00e0 mener une s\u00e9ance de musique avec des enfants de 0 \u00e0 8 ans, s\u00e9niors et personnes en situation de handicap<\/li>\n\n\n\n<li>Repartez avec une s\u00e9rie de jeux musicaux adapt\u00e9s, ludiques et accessibles.<\/li>\n\n\n\n<li>D\u00e9couvrez des instruments originaux et faciles \u00e0 utiliser<\/li>\n\n\n\n<li>Constituez et explorez une malle d\u2019\u00e9veil<\/li>\n<\/ul>\n\n\n\n<h2 class=\"wp-block-heading\">Public vis\u00e9<\/h2>\n\n\n\n<ul>\n<li>Enseignants d\u2019\u00e9coles maternelles et primaires<\/li>\n\n\n\n<li>Professionnels de la petite enfance (cr\u00e8che, RPE, assistante maternelle\u2026)<\/li>\n\n\n\n<li>Animateur p\u00e9riscolaire, CLSH et EHPAD<\/li>\n\n\n\n<li>R\u00e9seau biblioth\u00e8que<\/li>\n\n\n\n<li>Musicien amen\u00e9 \u00e0 travailler avec des enfants<\/li>\n<\/ul>\n\n\n\n<h2 class=\"wp-block-heading\">Dur\u00e9e<\/h2>\n\n\n\n<ul>\n<li>Proposition de d\u00e9couverte en 3H<\/li>\n\n\n\n<li>Proposition avec de la pratique en 6H<\/li>\n<\/ul>\n\n\n\n<figure class=\"wp-block-gallery has-nested-images columns-default is-cropped wp-block-gallery-1 is-layout-flex\">\n<figure class=\"wp-block-image size-large\"><img decoding=\"async\" loading=\"lazy\" width=\"768\" height=\"1024\" data-id=\"776\"  src=\"https:\/\/mariehebbelynck.com\/wp-content\/uploads\/2023\/09\/IMG_8777-768x1024.jpeg\" alt=\"\" class=\"wp-image-776\" srcset=\"https:\/\/mariehebbelynck.com\/wp-content\/uploads\/2023\/09\/IMG_8777-768x1024.jpeg 768w, https:\/\/mariehebbelynck.com\/wp-content\/uploads\/2023\/09\/IMG_8777-225x300.jpeg 225w, https:\/\/mariehebbelynck.com\/wp-content\/uploads\/2023\/09\/IMG_8777-1152x1536.jpeg 1152w, https:\/\/mariehebbelynck.com\/wp-content\/uploads\/2023\/09\/IMG_8777.jpeg 1536w\" sizes=\"(max-width: 768px) 100vw, 768px\" \/><\/figure>\n\n\n\n<figure class=\"wp-block-image size-large\"><img decoding=\"async\" loading=\"lazy\" width=\"1039\" height=\"1386\" data-id=\"778\"  src=\"https:\/\/mariehebbelynck.com\/wp-content\/uploads\/2023\/09\/IMG_8776-edited.jpeg\" alt=\"\" class=\"wp-image-778\" srcset=\"https:\/\/mariehebbelynck.com\/wp-content\/uploads\/2023\/09\/IMG_8776-edited.jpeg 1039w, https:\/\/mariehebbelynck.com\/wp-content\/uploads\/2023\/09\/IMG_8776-edited-225x300.jpeg 225w, https:\/\/mariehebbelynck.com\/wp-content\/uploads\/2023\/09\/IMG_8776-edited-768x1024.jpeg 768w\" sizes=\"(max-width: 1039px) 100vw, 1039px\" \/><\/figure>\n\n\n\n<figure class=\"wp-block-image size-large\"><img decoding=\"async\" loading=\"lazy\" width=\"1091\" height=\"1455\" data-id=\"779\"  src=\"https:\/\/mariehebbelynck.com\/wp-content\/uploads\/2023\/09\/IMG_8775-edited.jpeg\" alt=\"\" class=\"wp-image-779\" srcset=\"https:\/\/mariehebbelynck.com\/wp-content\/uploads\/2023\/09\/IMG_8775-edited.jpeg 1091w, https:\/\/mariehebbelynck.com\/wp-content\/uploads\/2023\/09\/IMG_8775-edited-225x300.jpeg 225w, https:\/\/mariehebbelynck.com\/wp-content\/uploads\/2023\/09\/IMG_8775-edited-768x1024.jpeg 768w\" sizes=\"(max-width: 1091px) 100vw, 1091px\" \/><\/figure>\n\n\n\n<figure class=\"wp-block-image size-large\"><img decoding=\"async\" loading=\"lazy\" width=\"768\" height=\"1024\" data-id=\"777\"  src=\"https:\/\/mariehebbelynck.com\/wp-content\/uploads\/2023\/09\/IMG_8765-1-768x1024.jpeg\" alt=\"\" class=\"wp-image-777\" srcset=\"https:\/\/mariehebbelynck.com\/wp-content\/uploads\/2023\/09\/IMG_8765-1-768x1024.jpeg 768w, https:\/\/mariehebbelynck.com\/wp-content\/uploads\/2023\/09\/IMG_8765-1-225x300.jpeg 225w, https:\/\/mariehebbelynck.com\/wp-content\/uploads\/2023\/09\/IMG_8765-1-1152x1536.jpeg 1152w, https:\/\/mariehebbelynck.com\/wp-content\/uploads\/2023\/09\/IMG_8765-1.jpeg 1536w\" sizes=\"(max-width: 768px) 100vw, 768px\" \/><\/figure>\n\n\n\n<figure class=\"wp-block-image size-large\"><img decoding=\"async\" loading=\"lazy\" width=\"960\" height=\"960\" data-id=\"773\"  src=\"https:\/\/mariehebbelynck.com\/wp-content\/uploads\/2023\/09\/IMG_8741.jpeg\" alt=\"\" class=\"wp-image-773\" srcset=\"https:\/\/mariehebbelynck.com\/wp-content\/uploads\/2023\/09\/IMG_8741.jpeg 960w, https:\/\/mariehebbelynck.com\/wp-content\/uploads\/2023\/09\/IMG_8741-300x300.jpeg 300w, https:\/\/mariehebbelynck.com\/wp-content\/uploads\/2023\/09\/IMG_8741-150x150.jpeg 150w, https:\/\/mariehebbelynck.com\/wp-content\/uploads\/2023\/09\/IMG_8741-768x768.jpeg 768w\" sizes=\"(max-width: 960px) 100vw, 960px\" \/><\/figure>\n<\/figure>\n","protected":false},"excerpt":{"rendered":"<p>Je propose un formations de d\u00e9couverte de l\u2019\u00e9veil musical. Je peux intervenir dans votre structure. Contenu Public vis\u00e9 Dur\u00e9e<\/p>\n","protected":false},"author":1,"featured_media":0,"parent":0,"menu_order":0,"comment_status":"closed","ping_status":"closed","template":"","meta":{"_mi_skip_tracking":false,"_monsterinsights_sitenote_active":false,"_monsterinsights_sitenote_note":"","_monsterinsights_sitenote_category":0},"aioseo_notices":[],"_links":{"self":[{"href":"https:\/\/mariehebbelynck.com\/index.php?rest_route=\/wp\/v2\/pages\/764"}],"collection":[{"href":"https:\/\/mariehebbelynck.com\/index.php?rest_route=\/wp\/v2\/pages"}],"about":[{"href":"https:\/\/mariehebbelynck.com\/index.php?rest_route=\/wp\/v2\/types\/page"}],"author":[{"embeddable":true,"href":"https:\/\/mariehebbelynck.com\/index.php?rest_route=\/wp\/v2\/users\/1"}],"replies":[{"embeddable":true,"href":"https:\/\/mariehebbelynck.com\/index.php?rest_route=%2Fwp%2Fv2%2Fcomments&post=764"}],"version-history":[{"count":6,"href":"https:\/\/mariehebbelynck.com\/index.php?rest_route=\/wp\/v2\/pages\/764\/revisions"}],"predecessor-version":[{"id":912,"href":"https:\/\/mariehebbelynck.com\/index.php?rest_route=\/wp\/v2\/pages\/764\/revisions\/912"}],"wp:attachment":[{"href":"https:\/\/mariehebbelynck.com\/index.php?rest_route=%2Fwp%2Fv2%2Fmedia&parent=764"}],"curies":[{"name":"wp","href":"https:\/\/api.w.org\/{rel}","templated":true}]}}