{"id":766,"date":"2023-09-24T10:04:06","date_gmt":"2023-09-24T08:04:06","guid":{"rendered":"https:\/\/mariehebbelynck.com\/?page_id=766"},"modified":"2023-09-25T15:00:03","modified_gmt":"2023-09-25T13:00:03","slug":"formation-musique-peinture","status":"publish","type":"page","link":"https:\/\/mariehebbelynck.com\/?page_id=766","title":{"rendered":"Formation musique &#038; peinture"},"content":{"rendered":"\n<p class=\"has-text-align-center has-text-color\" style=\"color:#768087\"><em>Comment associer la peinture et la musique?<br>Comment animer un atelier avec des enfants?<br>Envie de d\u00e9couvrir l\u2019univers d\u2019Herv\u00e9 Tullet?<br>Faut-il \u00eatre musicien ou plasticien?<\/em><\/p>\n\n\n\n<p>Peinture et musique, c\u2019est ce que nous allons explorer ensemble dans diff\u00e9rents ateliers inspir\u00e9s du travail d\u2019Herv\u00e9 Tullet, plus particuli\u00e8rement l\u2019album jeunesse \u00abOh, un livre qui fait des sons!&nbsp;\u00bb. Ces ateliers sont pens\u00e9s pour \u00eatre r\u00e9alis\u00e9s avec des enfants. <\/p>\n\n\n\n<p>Tr\u00e8s concr\u00e8tement, nous exp\u00e9rimenterons plusieurs ateliers peinture et musique \u00e0 mettre en place facilement sans avoir besoin d\u2019\u00eatre musicien ni plasticien. Nous verrons quelles sont les finalit\u00e9s possibles d\u2019un tel projet et les objectifs p\u00e9dagogiques. <\/p>\n\n\n\n<h2 class=\"wp-block-heading\">Au programme<\/h2>\n\n\n\n<p><\/p>\n\n\n\n<ul>\n<li>D\u00e9couvrir les diff\u00e9rents param\u00e8tres du son qui peuvent \u00eatre travailler avec les peinture<\/li>\n\n\n\n<li>Improviser vocalement sur le geste du pinceau<\/li>\n\n\n\n<li>Peindre en musique avec quelques consignes simples \u00e0 la mani\u00e8re d\u2019Herv\u00e9 Tullet<\/li>\n<\/ul>\n\n\n\n<p><\/p>\n\n\n\n<h2 class=\"wp-block-heading\">Public vis\u00e9:<\/h2>\n\n\n\n<ul>\n<li>Professionnels du secteur socio culturel &amp; \u00e9ducatif<\/li>\n<\/ul>\n\n\n\n<h2 class=\"wp-block-heading\">D\u00e9roulement<\/h2>\n\n\n\n<ul>\n<li>Une 1\/2 journ\u00e9e ou un journ\u00e9e (+ de pratique)<\/li>\n<\/ul>\n\n\n\n<figure class=\"wp-block-gallery has-nested-images columns-default is-cropped wp-block-gallery-1 is-layout-flex\">\n<figure class=\"wp-block-image size-large\"><img decoding=\"async\" loading=\"lazy\" width=\"1024\" height=\"576\" data-id=\"786\"  src=\"https:\/\/mariehebbelynck.com\/wp-content\/uploads\/2023\/09\/IMG_8778-1024x576.jpeg\" alt=\"\" class=\"wp-image-786\" srcset=\"https:\/\/mariehebbelynck.com\/wp-content\/uploads\/2023\/09\/IMG_8778-1024x576.jpeg 1024w, https:\/\/mariehebbelynck.com\/wp-content\/uploads\/2023\/09\/IMG_8778-300x169.jpeg 300w, https:\/\/mariehebbelynck.com\/wp-content\/uploads\/2023\/09\/IMG_8778-768x432.jpeg 768w, https:\/\/mariehebbelynck.com\/wp-content\/uploads\/2023\/09\/IMG_8778-1536x864.jpeg 1536w, https:\/\/mariehebbelynck.com\/wp-content\/uploads\/2023\/09\/IMG_8778.jpeg 2016w\" sizes=\"(max-width: 1024px) 100vw, 1024px\" \/><\/figure>\n<\/figure>\n\n\n\n<figure class=\"wp-block-embed is-type-video is-provider-youtube wp-block-embed-youtube wp-embed-aspect-16-9 wp-has-aspect-ratio\"><div class=\"wp-block-embed__wrapper\">\n<iframe loading=\"lazy\" title=\"Peinture musique Pour les grands\" width=\"640\" height=\"360\" src=\"https:\/\/www.youtube.com\/embed\/C6L5k8vJmRA?feature=oembed\" frameborder=\"0\" allow=\"accelerometer; autoplay; clipboard-write; encrypted-media; gyroscope; picture-in-picture; web-share\" allowfullscreen><\/iframe>\n<\/div><\/figure>\n\n\n\n<figure class=\"wp-block-embed is-type-video is-provider-youtube wp-block-embed-youtube wp-embed-aspect-16-9 wp-has-aspect-ratio\"><div class=\"wp-block-embed__wrapper\">\n<iframe loading=\"lazy\" title=\"Peinture et musique Beauzac Pro et b\u00e9n\u00e9voles\" width=\"640\" height=\"360\" src=\"https:\/\/www.youtube.com\/embed\/eiMDu3f6JJA?feature=oembed\" frameborder=\"0\" allow=\"accelerometer; autoplay; clipboard-write; encrypted-media; gyroscope; picture-in-picture; web-share\" allowfullscreen><\/iframe>\n<\/div><\/figure>\n","protected":false},"excerpt":{"rendered":"<p>Comment associer la peinture et la musique?Comment animer un atelier avec des enfants?Envie de d\u00e9couvrir l\u2019univers d\u2019Herv\u00e9 Tullet?Faut-il \u00eatre musicien ou plasticien? Peinture et musique, [&hellip;]<\/p>\n","protected":false},"author":1,"featured_media":0,"parent":0,"menu_order":0,"comment_status":"closed","ping_status":"closed","template":"","meta":{"_mi_skip_tracking":false,"_monsterinsights_sitenote_active":false,"_monsterinsights_sitenote_note":"","_monsterinsights_sitenote_category":0},"aioseo_notices":[],"_links":{"self":[{"href":"https:\/\/mariehebbelynck.com\/index.php?rest_route=\/wp\/v2\/pages\/766"}],"collection":[{"href":"https:\/\/mariehebbelynck.com\/index.php?rest_route=\/wp\/v2\/pages"}],"about":[{"href":"https:\/\/mariehebbelynck.com\/index.php?rest_route=\/wp\/v2\/types\/page"}],"author":[{"embeddable":true,"href":"https:\/\/mariehebbelynck.com\/index.php?rest_route=\/wp\/v2\/users\/1"}],"replies":[{"embeddable":true,"href":"https:\/\/mariehebbelynck.com\/index.php?rest_route=%2Fwp%2Fv2%2Fcomments&post=766"}],"version-history":[{"count":8,"href":"https:\/\/mariehebbelynck.com\/index.php?rest_route=\/wp\/v2\/pages\/766\/revisions"}],"predecessor-version":[{"id":902,"href":"https:\/\/mariehebbelynck.com\/index.php?rest_route=\/wp\/v2\/pages\/766\/revisions\/902"}],"wp:attachment":[{"href":"https:\/\/mariehebbelynck.com\/index.php?rest_route=%2Fwp%2Fv2%2Fmedia&parent=766"}],"curies":[{"name":"wp","href":"https:\/\/api.w.org\/{rel}","templated":true}]}}